{"id":76,"date":"2017-10-17T14:52:52","date_gmt":"2017-10-17T14:52:52","guid":{"rendered":"http:\/\/balkis.com.tr\/?page_id=76"},"modified":"2022-02-22T13:25:38","modified_gmt":"2022-02-22T13:25:38","slug":"albert-geanu-cam-balkon","status":"publish","type":"page","link":"https:\/\/balkis.com.tr\/?page_id=76","title":{"rendered":"Tiara Twinmax Is\u0131caml\u0131 Cam Balkon"},"content":{"rendered":"<p><img loading=\"lazy\" decoding=\"async\" class=\"alignnone  wp-image-103\" src=\"https:\/\/balkis.com.tr\/wp-content\/uploads\/2018\/01\/albert-genau-logo-300x80.jpg\" alt=\"\" width=\"379\" height=\"101\" srcset=\"https:\/\/balkis.com.tr\/wp-content\/uploads\/2018\/01\/albert-genau-logo-300x80.jpg 300w, https:\/\/balkis.com.tr\/wp-content\/uploads\/2018\/01\/albert-genau-logo.jpg 448w\" sizes=\"auto, (max-width: 379px) 100vw, 379px\" \/><\/p>\n<p>Cam Balkonun Ad\u0131 Soyad\u0131<\/p>\n<p><img loading=\"lazy\" decoding=\"async\" class=\"alignnone size-medium wp-image-351\" src=\"https:\/\/balkis.com.tr\/wp-content\/uploads\/2022\/02\/WhatsApp-Image-2021-02-19-at-21.53.31-225x300.jpeg\" alt=\"\" width=\"225\" height=\"300\" srcset=\"https:\/\/balkis.com.tr\/wp-content\/uploads\/2022\/02\/WhatsApp-Image-2021-02-19-at-21.53.31-225x300.jpeg 225w, https:\/\/balkis.com.tr\/wp-content\/uploads\/2022\/02\/WhatsApp-Image-2021-02-19-at-21.53.31-768x1024.jpeg 768w, https:\/\/balkis.com.tr\/wp-content\/uploads\/2022\/02\/WhatsApp-Image-2021-02-19-at-21.53.31-1152x1536.jpeg 1152w, https:\/\/balkis.com.tr\/wp-content\/uploads\/2022\/02\/WhatsApp-Image-2021-02-19-at-21.53.31.jpeg 1200w\" sizes=\"auto, (max-width: 225px) 100vw, 225px\" \/> <img loading=\"lazy\" decoding=\"async\" class=\"alignnone size-medium wp-image-352\" src=\"https:\/\/balkis.com.tr\/wp-content\/uploads\/2022\/02\/WhatsApp-Image-2021-02-23-at-21.42.16-1-225x300.jpeg\" alt=\"\" width=\"225\" height=\"300\" srcset=\"https:\/\/balkis.com.tr\/wp-content\/uploads\/2022\/02\/WhatsApp-Image-2021-02-23-at-21.42.16-1-225x300.jpeg 225w, https:\/\/balkis.com.tr\/wp-content\/uploads\/2022\/02\/WhatsApp-Image-2021-02-23-at-21.42.16-1.jpeg 768w\" sizes=\"auto, (max-width: 225px) 100vw, 225px\" \/> <img loading=\"lazy\" decoding=\"async\" class=\"alignnone size-medium wp-image-353\" src=\"https:\/\/balkis.com.tr\/wp-content\/uploads\/2022\/02\/WhatsApp-Image-2021-02-23-at-21.42.17-225x300.jpeg\" alt=\"\" width=\"225\" height=\"300\" srcset=\"https:\/\/balkis.com.tr\/wp-content\/uploads\/2022\/02\/WhatsApp-Image-2021-02-23-at-21.42.17-225x300.jpeg 225w, https:\/\/balkis.com.tr\/wp-content\/uploads\/2022\/02\/WhatsApp-Image-2021-02-23-at-21.42.17.jpeg 768w\" sizes=\"auto, (max-width: 225px) 100vw, 225px\" \/><\/p>\n<p>T\u00fcrkiye Cambalkon Liderinden Is\u0131caml\u0131 Cambalkon<\/p>\n<div class=\"columns fluid\">\n<div class=\"col12\">\n<div class=\"columns fluid\">\n<div class=\"col8\">\n<div class=\"columns fluid\">\n<div class=\"col12\">\n<p>Albert Genau, yeni \u0131s\u0131caml\u0131 cambalkon sistemi, Tiara\u2019y\u0131 pazara sundu. S\u00f6zl\u00fck anlam\u0131 itibariyle \u201cTA\u00c7\u201d anlam\u0131na gelen Tiara, balkon camlama \u00fcr\u00fcnlerinde en \u00e7ok ihtiya\u00e7 duyulan \u0131s\u0131 yal\u0131t\u0131m\u0131 konusunda en \u00fcst noktadad\u0131r.<\/p>\n<p>Albert Genau olarak biz cam balkondan ba\u015fka bir \u015fey yapmak istedik. Cambalkon \u00fcr\u00fcnlerinde ya\u015fanan s\u0131k\u0131nt\u0131lar\u0131, m\u00fc\u015fteri beklentilerini, \u00fcretim ve montaj kolayl\u0131\u011f\u0131n\u0131 g\u00f6z \u00f6n\u00fcnde bulundurup, t\u00fcm detaylar\u0131 ile optimize edilmi\u015f bir sistem olu\u015fturduk. Zaten \u00fcr\u00fcn\u00fcm\u00fcze, TA\u00c7 anlam\u0131na gelen TIARA ismini uygun g\u00f6rmemizdeki etken de budur.<\/p>\n<div class=\"columns fluid\"><\/div>\n<\/div>\n<\/div>\n<div class=\"columns fluid\">\n<div class=\"col12\"><img decoding=\"async\" src=\"http:\/\/www.albertgenau.com\/upload\/Node\/25809\/pics\/5_1_kat_yalitim.png\" alt=\"5,1 kat yal\u0131t\u0131m\" \/><\/div>\n<\/div>\n<p>Albert Genau arge ekibi \u0131s\u0131caml\u0131 cambalkonu tasarlarken, \u201ccambalkon devri bitti\u201d slogan\u0131yla yola \u00e7\u0131kt\u0131. Bu ba\u011flamda \u00fc\u00e7 tasar\u0131m kriteri belirlendi. Is\u0131 yal\u0131t\u0131m\u0131, teknik fonksiyon ve sofistike g\u00f6r\u00fcn\u00fcm. Tiara, Albert Genau\u2019nun 2003 y\u0131l\u0131nda alm\u0131\u015f oldu\u011fu incelemeli d\u00fcnya patenti platformunda bu kriterler \u0131\u015f\u0131\u011f\u0131nda geli\u015ftirildi.<\/p>\n<div class=\"columns fluid\">\n<div class=\"col12\">\n<h2>Tiara&#8217;n\u0131n hareketi durdurulamaz !<\/h2>\n<div><iframe loading=\"lazy\" src=\"http:\/\/player.vimeo.com\/video\/128849794\" width=\"100%\" height=\"100%\" frameborder=\"0\" allowfullscreen=\"allowfullscreen\" data-mce-fragment=\"1\"><\/iframe><\/div>\n<\/div>\n<\/div>\n<div class=\"columns fluid\"><\/div>\n<\/div>\n<\/div>\n<\/div>\n<\/div>\n<div class=\"columns fluid\">\n<div class=\"col6\">\n<div class=\"columns fluid\">\n<div class=\"col12\">\n<table>\n<tbody>\n<tr>\n<td width=\"590\" height=\"40\">M\u0131knat\u0131sl\u0131 \u0130zolasyon\u00a0<strong><br \/>\n<\/strong><\/td>\n<\/tr>\n<\/tbody>\n<\/table>\n<\/div>\n<\/div>\n<section>\n<div class=\"col12\">\n<p>Toplam 28 mm ( 4+20+4 veya 6+16+6) kal\u0131nl\u0131\u011f\u0131nda \u0131s\u0131cam kullan\u0131lan sistemde, yal\u0131t\u0131m\u0131 \u00fcst d\u00fczeye \u00e7\u0131karmak i\u00e7in, cam panellerin birle\u015fiminde izolasyon f\u0131r\u00e7as\u0131, epdm conta ve m\u0131knat\u0131sl\u0131 conta yataklar\u0131 bulunan \u00f6zel dikey birle\u015fim profili tasarland\u0131. \u0130stenen izolasyon seviyesine g\u00f6re, bunlardan herhangi biri, herhangi ikisi veya \u00fc\u00e7\u00fc birlikte kullan\u0131labiliyor.<\/p>\n<div><iframe loading=\"lazy\" src=\"http:\/\/player.vimeo.com\/video\/128849795?title=0\" width=\"100%\" height=\"100%\" frameborder=\"0\" allowfullscreen=\"allowfullscreen\" data-mce-fragment=\"1\"><\/iframe><\/div>\n<\/div>\n<\/section>\n<\/div>\n<div class=\"col6\">\n<div class=\"columns fluid\">\n<div class=\"col12\">\n<table>\n<tbody>\n<tr>\n<td width=\"480\" height=\"40\">Gizli Su Tahliyesi<strong><br \/>\n<\/strong><\/td>\n<\/tr>\n<\/tbody>\n<\/table>\n<\/div>\n<\/div>\n<section>\n<div class=\"col12\">\n<p>Sistemde, ta\u015f\u0131y\u0131c\u0131 kasa profili \u00fczerindeki, gizli kondens kanal\u0131 sayesinde hem kozmetik hem de verimli bir su tahliyesi ger\u00e7ekle\u015ftirilirken, ya\u011fmur suyunun, profilin i\u00e7ine girmeden d\u0131\u015far\u0131ya y\u00f6nlendirilmesi, kanat profillerinin \u00fczerindeki y\u00f6nlendirme kanat\u00e7\u0131klar\u0131 ile sa\u011flan\u0131yor.<\/p>\n<div><iframe loading=\"lazy\" src=\"http:\/\/player.vimeo.com\/video\/128849797?title=0\" width=\"100%\" height=\"100%\" frameborder=\"0\" allowfullscreen=\"allowfullscreen\" data-mce-fragment=\"1\"><\/iframe><\/div>\n<\/div>\n<\/section>\n<\/div>\n<\/div>\n<div class=\"columns fluid\">\n<div class=\"col6\">\n<div class=\"columns fluid\">\n<div class=\"col12\">\n<table>\n<tbody>\n<tr>\n<td width=\"590\" height=\"40\">D\u00fc\u015fmez Sarkmaz Camlar\u00a0<strong><br \/>\n<\/strong><\/td>\n<\/tr>\n<\/tbody>\n<\/table>\n<\/div>\n<\/div>\n<section>\n<div class=\"col12\">\n<p>Is\u0131caml\u0131 cambalkon sistemi i\u00e7in Albert Genau m\u00fchendisleri \u00f6zel bir kilitleme mekanizmas\u0131 geli\u015ftirdiler. \u201cABL \u2013 Auto Brake Lock\u201d ad\u0131 verilen sistem ile kayar cam panelleri park alan\u0131na geldiklerinde, otomatik olarak kilitlenip, kanad\u0131n yerinden oynamadan a\u00e7\u0131lmas\u0131 sa\u011flan\u0131yor. Bu sayede, sistemin kilitlemesi ger\u00e7ekle\u015fmeden, kanat a\u00e7\u0131lmas\u0131 tamamen engelleniyor.<\/p>\n<div><iframe loading=\"lazy\" src=\"http:\/\/player.vimeo.com\/video\/128849789?title=0\" width=\"100%\" height=\"100%\" frameborder=\"0\" allowfullscreen=\"allowfullscreen\" data-mce-fragment=\"1\"><\/iframe><\/div>\n<\/div>\n<\/section>\n<\/div>\n<div class=\"col6\">\n<div class=\"columns fluid\">\n<div class=\"col12\">\n<table>\n<tbody>\n<tr>\n<td width=\"480\" height=\"40\">R\u00fczgar Yal\u0131t\u0131m\u0131<strong><br \/>\n<\/strong><\/td>\n<\/tr>\n<\/tbody>\n<\/table>\n<\/div>\n<\/div>\n<section>\n<div class=\"columns fluid\">\n<div class=\"col12\">\n<p>Is\u0131caml\u0131 cambalkonun r\u00fczgar yal\u0131t\u0131m\u0131n\u0131n sa\u011flamas\u0131 i\u00e7in yan dikmelerde her hareket a\u00e7\u0131s\u0131nda i\u015flevini s\u00fcrd\u00fcren epdm conta sistemi mevcuttur. Dikey birle\u015fimlerde erkek-di\u015fi profil yap\u0131s\u0131 ve kapand\u0131\u011f\u0131nda 2 odac\u0131kl\u0131 bir yap\u0131ya sahip olmas\u0131 sayesinde yal\u0131t\u0131m en \u00fcst d\u00fczeyde sa\u011flanmaktad\u0131r.<\/p>\n<div><iframe loading=\"lazy\" src=\"http:\/\/player.vimeo.com\/video\/128849790?title=0\" width=\"100%\" height=\"100%\" frameborder=\"0\" allowfullscreen=\"allowfullscreen\" data-mce-fragment=\"1\"><\/iframe><\/div>\n<\/div>\n<\/div>\n<\/section>\n<\/div>\n<\/div>\n<div class=\"columns fluid\">\n<div class=\"col6\">\n<div class=\"columns fluid\">\n<div class=\"col12\">\n<table>\n<tbody>\n<tr>\n<td width=\"480\" height=\"40\">Maksimum Panoramik G\u00f6r\u00fcnt\u00fc<strong><br \/>\n<\/strong><\/td>\n<\/tr>\n<\/tbody>\n<\/table>\n<\/div>\n<\/div>\n<section>\n<div class=\"col12\">\n<p>Sistem, panoramik g\u00f6r\u00fcnt\u00fcy\u00fc engellemeyen 80 cm geni\u015fli\u011fe kadar kanat yap\u0131s\u0131na izin vermektedir. Bu geni\u015f kanatlar, geli\u015fmi\u015f aksam sayesinde d\u00fc\u015fmeden rahat\u00e7a a\u00e7\u0131l\u0131p kapanabilmektedir.<\/p>\n<div><iframe loading=\"lazy\" src=\"http:\/\/player.vimeo.com\/video\/128849711?title=0\" width=\"100%\" height=\"100%\" frameborder=\"0\" allowfullscreen=\"allowfullscreen\" data-mce-fragment=\"1\"><\/iframe><\/div>\n<\/div>\n<\/section>\n<\/div>\n<div class=\"col6\">\n<div class=\"col12\">\n<p><img decoding=\"async\" src=\"http:\/\/www.albertgenau.com\/upload\/Node\/25809\/pics\/direkleri_kaldiridik_baslik.png\" alt=\"direkleri kald\u0131r\u0131d\u0131k ba\u015fl\u0131k\" \/><\/p>\n<p>Is\u0131caml\u0131 kayar katlan\u0131r kanatlar, 90 derece k\u00f6\u015felerden rahat bir \u015fekilde d\u00f6nebiliyor. Bu sayede, L ve U \u015feklindeki balkonlarda, sistem sorunsuz kullan\u0131labilmekte ve hi\u00e7bir sabit k\u00f6\u015fe birle\u015fim profili kullan\u0131lmadan, balkonlar tamamen a\u00e7\u0131k hale getirilebilmektedir.<\/p>\n<p>Albert Genau\u2019nun yeni \u0131s\u0131caml\u0131 cambalkon sistemi Tiara, balkonlar\u0131n\u0131z\u0131 d\u00f6rt mevsim ya\u015fanacak mekanlar yapmak i\u00e7in yeni bir aday.<\/p>\n<p><img loading=\"lazy\" decoding=\"async\" src=\"http:\/\/www.albertgenau.com\/upload\/Node\/25800\/pics\/direeksiz_birlesimler.png\" alt=\"direeksiz birle\u015fimler\" width=\"450\" height=\"176\" \/><\/p>\n<\/div>\n<\/div>\n<\/div>\n<section>\n<div class=\"columns fluid\">\n<div class=\"col8\">\n<div class=\"columns fluid\">\n<div class=\"col12\">\n<table border=\"0\">\n<tbody>\n<tr valign=\"top\">\n<td scope=\"rowgroup\" valign=\"top\"><img decoding=\"async\" src=\"http:\/\/www.albertgenau.com\/upload\/Node\/26016\/pics\/41.png\" alt=\"41\" \/><\/td>\n<td><\/td>\n<td align=\"center\" valign=\"middle\"><img decoding=\"async\" src=\"http:\/\/www.albertgenau.com\/upload\/Node\/26016\/pics\/43_Small.250px.jpg\" alt=\"43 Small\" \/><\/td>\n<td><\/td>\n<td valign=\"top\"><img decoding=\"async\" src=\"http:\/\/www.albertgenau.com\/upload\/Node\/26016\/pics\/44_Small.jpg\" alt=\"44 Small\" \/><\/td>\n<\/tr>\n<tr valign=\"top\">\n<td valign=\"top\"><img loading=\"lazy\" decoding=\"async\" src=\"http:\/\/www.albertgenau.com\/upload\/Node\/25809\/pics\/jaluzi_perde_ops.png\" alt=\"jaluzi perde ops\" width=\"250\" height=\"49\" \/><\/p>\n<p>\u0130ste\u011fe ba\u011fl\u0131 olarak, \u0131s\u0131cam aras\u0131 jaluzi perde uygulamas\u0131 yap\u0131labilmektedir. Bu sayede ekstra, perde v.b uygulamalar yap\u0131lmadan \u00e7ok \u015f\u0131k \u015fekilde, g\u00fcne\u015fi istedi\u011finiz gibi kontrol edebilirsiniz.<span style=\"color: #2d2d2d; font-family: 'Neo Sans', sans-serif, arial;\"><br \/>\n<\/span><\/td>\n<td><\/td>\n<td valign=\"top\"><img loading=\"lazy\" decoding=\"async\" src=\"http:\/\/www.albertgenau.com\/upload\/Node\/25809\/pics\/ispanyolet_kilit_ops.png\" alt=\"ispanyolet kilit ops\" width=\"250\" height=\"49\" \/><\/p>\n<p>Opsiyonel olarak sunulan g\u00f6mme kollu ispanyolet kilit ile daha fazla g\u00fcvenlik sa\u011flanabilmektedir.<\/td>\n<td><\/td>\n<td valign=\"top\"><img loading=\"lazy\" decoding=\"async\" src=\"http:\/\/www.albertgenau.com\/upload\/Node\/25809\/pics\/123asd.png\" alt=\"123asd\" width=\"135\" height=\"86\" \/>Benim Ad\u0131m\u00a0Tiara<\/td>\n<\/tr>\n<\/tbody>\n<\/table>\n<\/div>\n<\/div>\n<\/div>\n<\/div>\n<\/section>\n","protected":false},"excerpt":{"rendered":"<p>Cam Balkonun Ad\u0131 Soyad\u0131 T\u00fcrkiye Cambalkon Liderinden Is\u0131caml\u0131 Cambalkon Albert Genau, yeni \u0131s\u0131caml\u0131 cambalkon sistemi, Tiara\u2019y\u0131 pazara sundu. S\u00f6zl\u00fck anlam\u0131 itibariyle \u201cTA\u00c7\u201d anlam\u0131na gelen Tiara, balkon camlama \u00fcr\u00fcnlerinde en \u00e7ok ihtiya\u00e7 duyulan \u0131s\u0131 yal\u0131t\u0131m\u0131 konusunda en \u00fcst noktadad\u0131r. Albert Genau&#8230;<\/p>\n","protected":false},"author":1,"featured_media":0,"parent":0,"menu_order":0,"comment_status":"closed","ping_status":"closed","template":"","meta":{"footnotes":""},"class_list":["post-76","page","type-page","status-publish","hentry"],"yoast_head":"<!-- This site is optimized with the Yoast SEO plugin v27.4 - https:\/\/yoast.com\/product\/yoast-seo-wordpress\/ -->\n<title>Tiara Twinmax Is\u0131caml\u0131 Cam Balkon - Albert Genau<\/title>\n<meta name=\"robots\" content=\"index, follow, max-snippet:-1, max-image-preview:large, max-video-preview:-1\" \/>\n<link rel=\"canonical\" href=\"https:\/\/balkis.com.tr\/?page_id=76\" \/>\n<meta property=\"og:locale\" content=\"tr_TR\" \/>\n<meta property=\"og:type\" content=\"article\" \/>\n<meta property=\"og:title\" content=\"Tiara Twinmax Is\u0131caml\u0131 Cam Balkon - Albert Genau\" \/>\n<meta property=\"og:description\" content=\"Cam Balkonun Ad\u0131 Soyad\u0131 T\u00fcrkiye Cambalkon Liderinden Is\u0131caml\u0131 Cambalkon Albert Genau, yeni \u0131s\u0131caml\u0131 cambalkon sistemi, Tiara\u2019y\u0131 pazara sundu. S\u00f6zl\u00fck anlam\u0131 itibariyle \u201cTA\u00c7\u201d anlam\u0131na gelen Tiara, balkon camlama \u00fcr\u00fcnlerinde en \u00e7ok ihtiya\u00e7 duyulan \u0131s\u0131 yal\u0131t\u0131m\u0131 konusunda en \u00fcst noktadad\u0131r. Albert Genau...\" \/>\n<meta property=\"og:url\" content=\"https:\/\/balkis.com.tr\/?page_id=76\" \/>\n<meta property=\"og:site_name\" content=\"Albert Genau\" \/>\n<meta property=\"article:publisher\" content=\"https:\/\/www.facebook.com\/balkispen\" \/>\n<meta property=\"article:modified_time\" content=\"2022-02-22T13:25:38+00:00\" \/>\n<meta property=\"og:image\" content=\"https:\/\/balkis.com.tr\/wp-content\/uploads\/2018\/01\/albert-genau-logo-300x80.jpg\" \/>\n<meta name=\"twitter:card\" content=\"summary_large_image\" \/>\n<meta name=\"twitter:site\" content=\"@balkispen\" \/>\n<meta name=\"twitter:label1\" content=\"Tahmini okuma s\u00fcresi\" \/>\n\t<meta name=\"twitter:data1\" content=\"6 dakika\" \/>\n<script type=\"application\/ld+json\" class=\"yoast-schema-graph\">{\"@context\":\"https:\\\/\\\/schema.org\",\"@graph\":[{\"@type\":\"WebPage\",\"@id\":\"https:\\\/\\\/balkis.com.tr\\\/?page_id=76\",\"url\":\"https:\\\/\\\/balkis.com.tr\\\/?page_id=76\",\"name\":\"Tiara Twinmax Is\u0131caml\u0131 Cam Balkon - Albert Genau\",\"isPartOf\":{\"@id\":\"https:\\\/\\\/balkis.com.tr\\\/#website\"},\"primaryImageOfPage\":{\"@id\":\"https:\\\/\\\/balkis.com.tr\\\/?page_id=76#primaryimage\"},\"image\":{\"@id\":\"https:\\\/\\\/balkis.com.tr\\\/?page_id=76#primaryimage\"},\"thumbnailUrl\":\"https:\\\/\\\/balkis.com.tr\\\/wp-content\\\/uploads\\\/2018\\\/01\\\/albert-genau-logo-300x80.jpg\",\"datePublished\":\"2017-10-17T14:52:52+00:00\",\"dateModified\":\"2022-02-22T13:25:38+00:00\",\"breadcrumb\":{\"@id\":\"https:\\\/\\\/balkis.com.tr\\\/?page_id=76#breadcrumb\"},\"inLanguage\":\"tr\",\"potentialAction\":[{\"@type\":\"ReadAction\",\"target\":[\"https:\\\/\\\/balkis.com.tr\\\/?page_id=76\"]}]},{\"@type\":\"ImageObject\",\"inLanguage\":\"tr\",\"@id\":\"https:\\\/\\\/balkis.com.tr\\\/?page_id=76#primaryimage\",\"url\":\"https:\\\/\\\/balkis.com.tr\\\/wp-content\\\/uploads\\\/2018\\\/01\\\/albert-genau-logo.jpg\",\"contentUrl\":\"https:\\\/\\\/balkis.com.tr\\\/wp-content\\\/uploads\\\/2018\\\/01\\\/albert-genau-logo.jpg\",\"width\":448,\"height\":119},{\"@type\":\"BreadcrumbList\",\"@id\":\"https:\\\/\\\/balkis.com.tr\\\/?page_id=76#breadcrumb\",\"itemListElement\":[{\"@type\":\"ListItem\",\"position\":1,\"name\":\"Ana sayfa\",\"item\":\"https:\\\/\\\/balkis.com.tr\\\/\"},{\"@type\":\"ListItem\",\"position\":2,\"name\":\"Tiara Twinmax Is\u0131caml\u0131 Cam Balkon\"}]},{\"@type\":\"WebSite\",\"@id\":\"https:\\\/\\\/balkis.com.tr\\\/#website\",\"url\":\"https:\\\/\\\/balkis.com.tr\\\/\",\"name\":\"Albert Genau\",\"description\":\"Kaliteyi deneyimimizle birle\u015ftirdik...\",\"publisher\":{\"@id\":\"https:\\\/\\\/balkis.com.tr\\\/#organization\"},\"potentialAction\":[{\"@type\":\"SearchAction\",\"target\":{\"@type\":\"EntryPoint\",\"urlTemplate\":\"https:\\\/\\\/balkis.com.tr\\\/?s={search_term_string}\"},\"query-input\":{\"@type\":\"PropertyValueSpecification\",\"valueRequired\":true,\"valueName\":\"search_term_string\"}}],\"inLanguage\":\"tr\"},{\"@type\":\"Organization\",\"@id\":\"https:\\\/\\\/balkis.com.tr\\\/#organization\",\"name\":\"Balk\u0131\u015f Karde\u015fler Plastik Do\u011frama ve \u0130n\u015f.San.Tic.Ltd.\u015eti.\",\"url\":\"https:\\\/\\\/balkis.com.tr\\\/\",\"logo\":{\"@type\":\"ImageObject\",\"inLanguage\":\"tr\",\"@id\":\"https:\\\/\\\/balkis.com.tr\\\/#\\\/schema\\\/logo\\\/image\\\/\",\"url\":\"https:\\\/\\\/balkis.com.tr\\\/wp-content\\\/uploads\\\/2017\\\/10\\\/cropped-balkispen-1.png\",\"contentUrl\":\"https:\\\/\\\/balkis.com.tr\\\/wp-content\\\/uploads\\\/2017\\\/10\\\/cropped-balkispen-1.png\",\"width\":1657,\"height\":480,\"caption\":\"Balk\u0131\u015f Karde\u015fler Plastik Do\u011frama ve \u0130n\u015f.San.Tic.Ltd.\u015eti.\"},\"image\":{\"@id\":\"https:\\\/\\\/balkis.com.tr\\\/#\\\/schema\\\/logo\\\/image\\\/\"},\"sameAs\":[\"https:\\\/\\\/www.facebook.com\\\/balkispen\",\"https:\\\/\\\/x.com\\\/balkispen\",\"https:\\\/\\\/www.instagram.com\\\/balkispen_winsa_albertgenau\\\/\"]}]}<\/script>\n<!-- \/ Yoast SEO plugin. -->","yoast_head_json":{"title":"Tiara Twinmax Is\u0131caml\u0131 Cam Balkon - Albert Genau","robots":{"index":"index","follow":"follow","max-snippet":"max-snippet:-1","max-image-preview":"max-image-preview:large","max-video-preview":"max-video-preview:-1"},"canonical":"https:\/\/balkis.com.tr\/?page_id=76","og_locale":"tr_TR","og_type":"article","og_title":"Tiara Twinmax Is\u0131caml\u0131 Cam Balkon - Albert Genau","og_description":"Cam Balkonun Ad\u0131 Soyad\u0131 T\u00fcrkiye Cambalkon Liderinden Is\u0131caml\u0131 Cambalkon Albert Genau, yeni \u0131s\u0131caml\u0131 cambalkon sistemi, Tiara\u2019y\u0131 pazara sundu. S\u00f6zl\u00fck anlam\u0131 itibariyle \u201cTA\u00c7\u201d anlam\u0131na gelen Tiara, balkon camlama \u00fcr\u00fcnlerinde en \u00e7ok ihtiya\u00e7 duyulan \u0131s\u0131 yal\u0131t\u0131m\u0131 konusunda en \u00fcst noktadad\u0131r. Albert Genau...","og_url":"https:\/\/balkis.com.tr\/?page_id=76","og_site_name":"Albert Genau","article_publisher":"https:\/\/www.facebook.com\/balkispen","article_modified_time":"2022-02-22T13:25:38+00:00","og_image":[{"url":"https:\/\/balkis.com.tr\/wp-content\/uploads\/2018\/01\/albert-genau-logo-300x80.jpg","type":"","width":"","height":""}],"twitter_card":"summary_large_image","twitter_site":"@balkispen","twitter_misc":{"Tahmini okuma s\u00fcresi":"6 dakika"},"schema":{"@context":"https:\/\/schema.org","@graph":[{"@type":"WebPage","@id":"https:\/\/balkis.com.tr\/?page_id=76","url":"https:\/\/balkis.com.tr\/?page_id=76","name":"Tiara Twinmax Is\u0131caml\u0131 Cam Balkon - Albert Genau","isPartOf":{"@id":"https:\/\/balkis.com.tr\/#website"},"primaryImageOfPage":{"@id":"https:\/\/balkis.com.tr\/?page_id=76#primaryimage"},"image":{"@id":"https:\/\/balkis.com.tr\/?page_id=76#primaryimage"},"thumbnailUrl":"https:\/\/balkis.com.tr\/wp-content\/uploads\/2018\/01\/albert-genau-logo-300x80.jpg","datePublished":"2017-10-17T14:52:52+00:00","dateModified":"2022-02-22T13:25:38+00:00","breadcrumb":{"@id":"https:\/\/balkis.com.tr\/?page_id=76#breadcrumb"},"inLanguage":"tr","potentialAction":[{"@type":"ReadAction","target":["https:\/\/balkis.com.tr\/?page_id=76"]}]},{"@type":"ImageObject","inLanguage":"tr","@id":"https:\/\/balkis.com.tr\/?page_id=76#primaryimage","url":"https:\/\/balkis.com.tr\/wp-content\/uploads\/2018\/01\/albert-genau-logo.jpg","contentUrl":"https:\/\/balkis.com.tr\/wp-content\/uploads\/2018\/01\/albert-genau-logo.jpg","width":448,"height":119},{"@type":"BreadcrumbList","@id":"https:\/\/balkis.com.tr\/?page_id=76#breadcrumb","itemListElement":[{"@type":"ListItem","position":1,"name":"Ana sayfa","item":"https:\/\/balkis.com.tr\/"},{"@type":"ListItem","position":2,"name":"Tiara Twinmax Is\u0131caml\u0131 Cam Balkon"}]},{"@type":"WebSite","@id":"https:\/\/balkis.com.tr\/#website","url":"https:\/\/balkis.com.tr\/","name":"Albert Genau","description":"Kaliteyi deneyimimizle birle\u015ftirdik...","publisher":{"@id":"https:\/\/balkis.com.tr\/#organization"},"potentialAction":[{"@type":"SearchAction","target":{"@type":"EntryPoint","urlTemplate":"https:\/\/balkis.com.tr\/?s={search_term_string}"},"query-input":{"@type":"PropertyValueSpecification","valueRequired":true,"valueName":"search_term_string"}}],"inLanguage":"tr"},{"@type":"Organization","@id":"https:\/\/balkis.com.tr\/#organization","name":"Balk\u0131\u015f Karde\u015fler Plastik Do\u011frama ve \u0130n\u015f.San.Tic.Ltd.\u015eti.","url":"https:\/\/balkis.com.tr\/","logo":{"@type":"ImageObject","inLanguage":"tr","@id":"https:\/\/balkis.com.tr\/#\/schema\/logo\/image\/","url":"https:\/\/balkis.com.tr\/wp-content\/uploads\/2017\/10\/cropped-balkispen-1.png","contentUrl":"https:\/\/balkis.com.tr\/wp-content\/uploads\/2017\/10\/cropped-balkispen-1.png","width":1657,"height":480,"caption":"Balk\u0131\u015f Karde\u015fler Plastik Do\u011frama ve \u0130n\u015f.San.Tic.Ltd.\u015eti."},"image":{"@id":"https:\/\/balkis.com.tr\/#\/schema\/logo\/image\/"},"sameAs":["https:\/\/www.facebook.com\/balkispen","https:\/\/x.com\/balkispen","https:\/\/www.instagram.com\/balkispen_winsa_albertgenau\/"]}]}},"_links":{"self":[{"href":"https:\/\/balkis.com.tr\/index.php?rest_route=\/wp\/v2\/pages\/76","targetHints":{"allow":["GET"]}}],"collection":[{"href":"https:\/\/balkis.com.tr\/index.php?rest_route=\/wp\/v2\/pages"}],"about":[{"href":"https:\/\/balkis.com.tr\/index.php?rest_route=\/wp\/v2\/types\/page"}],"author":[{"embeddable":true,"href":"https:\/\/balkis.com.tr\/index.php?rest_route=\/wp\/v2\/users\/1"}],"replies":[{"embeddable":true,"href":"https:\/\/balkis.com.tr\/index.php?rest_route=%2Fwp%2Fv2%2Fcomments&post=76"}],"version-history":[{"count":7,"href":"https:\/\/balkis.com.tr\/index.php?rest_route=\/wp\/v2\/pages\/76\/revisions"}],"predecessor-version":[{"id":354,"href":"https:\/\/balkis.com.tr\/index.php?rest_route=\/wp\/v2\/pages\/76\/revisions\/354"}],"wp:attachment":[{"href":"https:\/\/balkis.com.tr\/index.php?rest_route=%2Fwp%2Fv2%2Fmedia&parent=76"}],"curies":[{"name":"wp","href":"https:\/\/api.w.org\/{rel}","templated":true}]}}