{"id":517,"date":"2024-05-14T18:22:37","date_gmt":"2024-05-14T18:22:37","guid":{"rendered":"https:\/\/balkis.com.tr\/?page_id=517"},"modified":"2025-02-20T18:49:47","modified_gmt":"2025-02-20T18:49:47","slug":"bioklimatik-pergola","status":"publish","type":"page","link":"https:\/\/balkis.com.tr\/?page_id=517","title":{"rendered":"Bioklimatik Pergola"},"content":{"rendered":"\n<h2 class=\"wp-block-heading fwd-heading\"><\/h2>\n\n\n\n<p><\/p>\n\n\n\n<figure class=\"wp-block-image fwd-wrap\"><a href=\"https:\/\/www.albertgenau.com\/upload\/Node\/28987\/pics\/albert-genau-bioklimatik-pergola-7-.webp\"><img decoding=\"async\" src=\"https:\/\/www.albertgenau.com\/upload\/Node\/28987\/pics\/albert-genau-bioklimatik-pergola-7-.1024px.webp\" alt=\"albert genau bioklimatik pergola (7)\"\/><\/a><\/figure>\n\n\n\n<h2 class=\"wp-block-heading fwd-heading\">Bioklimatik Pergola Nedir?<\/h2>\n\n\n\n<p>Pergola, g\u00f6lgelendirme ama\u00e7l\u0131 yap\u0131lm\u0131\u015f \u00e7at\u0131 sistemlerinin genel ad\u0131d\u0131r. Bioklimatik pergola, al\u00fcminyum lamellerden olu\u015fan \u00e7at\u0131 sistemine sahip, motor ve uzaktan kumanda ile bu \u00e7at\u0131 sisteminin lamellerinin hareket ettirildi\u011fi g\u00f6lgelendirme yap\u0131s\u0131d\u0131r. Eski nesil bioklimatik pergolalar\u0131n sadece lamelleri oldu\u011fu yerde hareket eder ya da motorun yan\u0131 s\u0131ra ikinci bir akt\u00fcat\u00f6r yard\u0131m\u0131 ile lameller hareket ettirilir, lamel hareketleri \u00e7elik teller ile sa\u011flan\u0131r.<\/p>\n\n\n\n<figure class=\"wp-block-image size-large\"><img loading=\"lazy\" decoding=\"async\" width=\"1024\" height=\"732\" src=\"https:\/\/balkis.com.tr\/wp-content\/uploads\/2025\/02\/3ba48cf9-6afc-418d-8fa4-d2b772d71ef2-1-1024x732.jpg\" class=\"wp-image-599\" srcset=\"https:\/\/balkis.com.tr\/wp-content\/uploads\/2025\/02\/3ba48cf9-6afc-418d-8fa4-d2b772d71ef2-1-1024x732.jpg 1024w, https:\/\/balkis.com.tr\/wp-content\/uploads\/2025\/02\/3ba48cf9-6afc-418d-8fa4-d2b772d71ef2-1-300x214.jpg 300w, https:\/\/balkis.com.tr\/wp-content\/uploads\/2025\/02\/3ba48cf9-6afc-418d-8fa4-d2b772d71ef2-1-768x549.jpg 768w, https:\/\/balkis.com.tr\/wp-content\/uploads\/2025\/02\/3ba48cf9-6afc-418d-8fa4-d2b772d71ef2-1-1536x1097.jpg 1536w, https:\/\/balkis.com.tr\/wp-content\/uploads\/2025\/02\/3ba48cf9-6afc-418d-8fa4-d2b772d71ef2-1.jpg 1600w\" sizes=\"auto, (max-width: 1024px) 100vw, 1024px\" \/><\/figure>\n\n\n\n<h2 class=\"wp-block-heading fwd-heading\">Albert Genau<br \/>Bioklimatik Pergola Sistemi<\/h2>\n\n\n\n<p>Albert Genau Biokimatik Pergola Sistemi, tek motor ve uzaktan kumanda ile hareket eder. Pergola sisteminin lamellerin senkronize hareketi, \u00f6zel tasar\u0131m makas sistemi ile sa\u011flan\u0131r. Kendi kendine ayakta durabilen Albert Genau Bioklimatik Pergola Sistemi, her t\u00fcl\u00fc iklim ko\u015fullar\u0131nda sorunsuz ve konforlu kullan\u0131m i\u00e7in tasarlanm\u0131\u015ft\u0131r.<\/p>\n\n\n\n<p>Bah\u00e7enizde ve teras\u0131n\u0131zda,&nbsp; bioklimatik pergola sistemleri kurabilir, sistemlerin etraf\u0131n\u0131&nbsp; yine Albert Genau hareketli cambalkon sitemleri ile kapatarak, keyifli mekanlar olu\u015fturabilirsiniz. Bioklimatik pergola sitemlerinin tavan\u0131n\u0131, istedi\u011finiz kadar a\u00e7\u0131p, istedi\u011finiz kadar kapatabilirsiniz.<\/p>\n\n\n\n<figure class=\"wp-block-image fwd-wrap\"><a href=\"https:\/\/www.albertgenau.com\/upload\/Node\/28987\/pics\/albert-genau-bioklimatik-pergola-6-.webp\"><img decoding=\"async\" src=\"https:\/\/www.albertgenau.com\/upload\/Node\/28987\/pics\/albert-genau-bioklimatik-pergola-6-.1366px.webp\" alt=\"albert genau bioklimatik pergola (6)\"\/><\/a><\/figure>\n\n\n\n<figure class=\"wp-block-image fwd-wrap\"><a href=\"https:\/\/www.albertgenau.com\/upload\/Node\/28987\/pics\/albert-genau-bioklimatik-pergola-10-.webp\"><img decoding=\"async\" src=\"https:\/\/www.albertgenau.com\/upload\/Node\/28987\/pics\/albert-genau-bioklimatik-pergola-10-.1366px.webp\" alt=\"albert genau bioklimatik pergola (10)\"\/><\/a><\/figure>\n\n\n\n<h2 class=\"wp-block-heading fwd-heading\">Bioklimatik Pergola\u2026 Ama Markas\u0131 Ne ?&nbsp;<\/h2>\n\n\n\n<p>G\u00fcn\u00fcm\u00fczde \u00e7o\u011funlukla, pergola sistemlerinin bile\u015fenleri, uygulay\u0131c\u0131 firmalar taraf\u0131ndan \u00e7e\u015fitli firmalardan toplanarak markas\u0131z ya da kendi markalar\u0131 ile sat\u0131labilmektedir. Sistemin bile\u015fenleri ayr\u0131 ayr\u0131 topland\u0131\u011f\u0131ndan, b\u00fct\u00fcn olarak i\u015flevde eksiklikler olabilmektedir. O y\u00fczden pergola sistemini ya da bioklimatik pergola sistemini yapt\u0131r\u0131rken mutlaka markas\u0131n\u0131, garanti s\u00fcresi ve ko\u015fullar\u0131n\u0131 sorunuz.&nbsp;<strong>Mevsimlik, bug\u00fcn var yar\u0131n yok, firmalardan uzak durunuz.<\/strong><\/p>\n\n\n\n<h2 class=\"wp-block-heading fwd-heading\">%100<\/h2>\n\n\n\n<p><strong>Bioklimatik Pergola<\/strong>&nbsp;ve Di\u011fer Sistemler&nbsp;<strong>%100<\/strong>Entegre Albert Genau Bioklimatik pergola sistemlerinin etraf\u0131n\u0131, isterseniz&nbsp;<strong><a href=\"https:\/\/www.albertgenau.com\/tr\/urunler-cambalkon#25229\">s\u00fcrme cambalkon sistemleri<\/a><\/strong>&nbsp;ile isterseniz&nbsp;<strong><a href=\"https:\/\/www.albertgenau.com\/tr\/urunler-cambalkon#27309\" target=\"_blank\" rel=\"noreferrer noopener\">otomatik giyotin cam sistemleri<\/a><\/strong>&nbsp;ile kapatabilirsiniz. Pergola sistemi, bu sistemler ile&nbsp;<strong class=\"\">%100 entegre<\/strong>tasarland\u0131\u011f\u0131 i\u00e7in, montaj s\u0131ras\u0131nda herhangi bir s\u0131k\u0131nt\u0131 ya\u015fanmaz.&nbsp;<strong>T\u00fcm sistemler %100 Albert Genau garantisinde olur.<\/strong><\/p>\n","protected":false},"excerpt":{"rendered":"<p>Bioklimatik Pergola Nedir? Pergola, g\u00f6lgelendirme ama\u00e7l\u0131 yap\u0131lm\u0131\u015f \u00e7at\u0131 sistemlerinin genel ad\u0131d\u0131r. Bioklimatik pergola, al\u00fcminyum lamellerden olu\u015fan \u00e7at\u0131 sistemine sahip, motor ve uzaktan kumanda ile bu \u00e7at\u0131 sisteminin lamellerinin hareket ettirildi\u011fi g\u00f6lgelendirme yap\u0131s\u0131d\u0131r. Eski nesil bioklimatik pergolalar\u0131n sadece lamelleri oldu\u011fu yerde&#8230;<\/p>\n","protected":false},"author":1,"featured_media":0,"parent":0,"menu_order":0,"comment_status":"closed","ping_status":"closed","template":"","meta":{"footnotes":""},"class_list":["post-517","page","type-page","status-publish","hentry"],"yoast_head":"<!-- This site is optimized with the Yoast SEO plugin v27.4 - https:\/\/yoast.com\/product\/yoast-seo-wordpress\/ -->\n<title>Bioklimatik Pergola - Albert Genau<\/title>\n<meta name=\"robots\" content=\"index, follow, max-snippet:-1, max-image-preview:large, max-video-preview:-1\" \/>\n<link rel=\"canonical\" href=\"https:\/\/balkis.com.tr\/?page_id=517\" \/>\n<meta property=\"og:locale\" content=\"tr_TR\" \/>\n<meta property=\"og:type\" content=\"article\" \/>\n<meta property=\"og:title\" content=\"Bioklimatik Pergola - Albert Genau\" \/>\n<meta property=\"og:description\" content=\"Bioklimatik Pergola Nedir? Pergola, g\u00f6lgelendirme ama\u00e7l\u0131 yap\u0131lm\u0131\u015f \u00e7at\u0131 sistemlerinin genel ad\u0131d\u0131r. Bioklimatik pergola, al\u00fcminyum lamellerden olu\u015fan \u00e7at\u0131 sistemine sahip, motor ve uzaktan kumanda ile bu \u00e7at\u0131 sisteminin lamellerinin hareket ettirildi\u011fi g\u00f6lgelendirme yap\u0131s\u0131d\u0131r. Eski nesil bioklimatik pergolalar\u0131n sadece lamelleri oldu\u011fu yerde...\" \/>\n<meta property=\"og:url\" content=\"https:\/\/balkis.com.tr\/?page_id=517\" \/>\n<meta property=\"og:site_name\" content=\"Albert Genau\" \/>\n<meta property=\"article:publisher\" content=\"https:\/\/www.facebook.com\/balkispen\" \/>\n<meta property=\"article:modified_time\" content=\"2025-02-20T18:49:47+00:00\" \/>\n<meta property=\"og:image\" content=\"https:\/\/www.albertgenau.com\/upload\/Node\/28987\/pics\/albert-genau-bioklimatik-pergola-7-.1024px.webp\" \/>\n<meta name=\"twitter:card\" content=\"summary_large_image\" \/>\n<meta name=\"twitter:site\" content=\"@balkispen\" \/>\n<meta name=\"twitter:label1\" content=\"Tahmini okuma s\u00fcresi\" \/>\n\t<meta name=\"twitter:data1\" content=\"3 dakika\" \/>\n<script type=\"application\/ld+json\" class=\"yoast-schema-graph\">{\"@context\":\"https:\\\/\\\/schema.org\",\"@graph\":[{\"@type\":\"WebPage\",\"@id\":\"https:\\\/\\\/balkis.com.tr\\\/?page_id=517\",\"url\":\"https:\\\/\\\/balkis.com.tr\\\/?page_id=517\",\"name\":\"Bioklimatik Pergola - Albert Genau\",\"isPartOf\":{\"@id\":\"https:\\\/\\\/balkis.com.tr\\\/#website\"},\"primaryImageOfPage\":{\"@id\":\"https:\\\/\\\/balkis.com.tr\\\/?page_id=517#primaryimage\"},\"image\":{\"@id\":\"https:\\\/\\\/balkis.com.tr\\\/?page_id=517#primaryimage\"},\"thumbnailUrl\":\"https:\\\/\\\/www.albertgenau.com\\\/upload\\\/Node\\\/28987\\\/pics\\\/albert-genau-bioklimatik-pergola-7-.1024px.webp\",\"datePublished\":\"2024-05-14T18:22:37+00:00\",\"dateModified\":\"2025-02-20T18:49:47+00:00\",\"breadcrumb\":{\"@id\":\"https:\\\/\\\/balkis.com.tr\\\/?page_id=517#breadcrumb\"},\"inLanguage\":\"tr\",\"potentialAction\":[{\"@type\":\"ReadAction\",\"target\":[\"https:\\\/\\\/balkis.com.tr\\\/?page_id=517\"]}]},{\"@type\":\"ImageObject\",\"inLanguage\":\"tr\",\"@id\":\"https:\\\/\\\/balkis.com.tr\\\/?page_id=517#primaryimage\",\"url\":\"https:\\\/\\\/www.albertgenau.com\\\/upload\\\/Node\\\/28987\\\/pics\\\/albert-genau-bioklimatik-pergola-7-.1024px.webp\",\"contentUrl\":\"https:\\\/\\\/www.albertgenau.com\\\/upload\\\/Node\\\/28987\\\/pics\\\/albert-genau-bioklimatik-pergola-7-.1024px.webp\"},{\"@type\":\"BreadcrumbList\",\"@id\":\"https:\\\/\\\/balkis.com.tr\\\/?page_id=517#breadcrumb\",\"itemListElement\":[{\"@type\":\"ListItem\",\"position\":1,\"name\":\"Ana sayfa\",\"item\":\"https:\\\/\\\/balkis.com.tr\\\/\"},{\"@type\":\"ListItem\",\"position\":2,\"name\":\"Bioklimatik Pergola\"}]},{\"@type\":\"WebSite\",\"@id\":\"https:\\\/\\\/balkis.com.tr\\\/#website\",\"url\":\"https:\\\/\\\/balkis.com.tr\\\/\",\"name\":\"Albert Genau\",\"description\":\"Kaliteyi deneyimimizle birle\u015ftirdik...\",\"publisher\":{\"@id\":\"https:\\\/\\\/balkis.com.tr\\\/#organization\"},\"potentialAction\":[{\"@type\":\"SearchAction\",\"target\":{\"@type\":\"EntryPoint\",\"urlTemplate\":\"https:\\\/\\\/balkis.com.tr\\\/?s={search_term_string}\"},\"query-input\":{\"@type\":\"PropertyValueSpecification\",\"valueRequired\":true,\"valueName\":\"search_term_string\"}}],\"inLanguage\":\"tr\"},{\"@type\":\"Organization\",\"@id\":\"https:\\\/\\\/balkis.com.tr\\\/#organization\",\"name\":\"Balk\u0131\u015f Karde\u015fler Plastik Do\u011frama ve \u0130n\u015f.San.Tic.Ltd.\u015eti.\",\"url\":\"https:\\\/\\\/balkis.com.tr\\\/\",\"logo\":{\"@type\":\"ImageObject\",\"inLanguage\":\"tr\",\"@id\":\"https:\\\/\\\/balkis.com.tr\\\/#\\\/schema\\\/logo\\\/image\\\/\",\"url\":\"https:\\\/\\\/balkis.com.tr\\\/wp-content\\\/uploads\\\/2017\\\/10\\\/cropped-balkispen-1.png\",\"contentUrl\":\"https:\\\/\\\/balkis.com.tr\\\/wp-content\\\/uploads\\\/2017\\\/10\\\/cropped-balkispen-1.png\",\"width\":1657,\"height\":480,\"caption\":\"Balk\u0131\u015f Karde\u015fler Plastik Do\u011frama ve \u0130n\u015f.San.Tic.Ltd.\u015eti.\"},\"image\":{\"@id\":\"https:\\\/\\\/balkis.com.tr\\\/#\\\/schema\\\/logo\\\/image\\\/\"},\"sameAs\":[\"https:\\\/\\\/www.facebook.com\\\/balkispen\",\"https:\\\/\\\/x.com\\\/balkispen\",\"https:\\\/\\\/www.instagram.com\\\/balkispen_winsa_albertgenau\\\/\"]}]}<\/script>\n<!-- \/ Yoast SEO plugin. -->","yoast_head_json":{"title":"Bioklimatik Pergola - Albert Genau","robots":{"index":"index","follow":"follow","max-snippet":"max-snippet:-1","max-image-preview":"max-image-preview:large","max-video-preview":"max-video-preview:-1"},"canonical":"https:\/\/balkis.com.tr\/?page_id=517","og_locale":"tr_TR","og_type":"article","og_title":"Bioklimatik Pergola - Albert Genau","og_description":"Bioklimatik Pergola Nedir? Pergola, g\u00f6lgelendirme ama\u00e7l\u0131 yap\u0131lm\u0131\u015f \u00e7at\u0131 sistemlerinin genel ad\u0131d\u0131r. Bioklimatik pergola, al\u00fcminyum lamellerden olu\u015fan \u00e7at\u0131 sistemine sahip, motor ve uzaktan kumanda ile bu \u00e7at\u0131 sisteminin lamellerinin hareket ettirildi\u011fi g\u00f6lgelendirme yap\u0131s\u0131d\u0131r. Eski nesil bioklimatik pergolalar\u0131n sadece lamelleri oldu\u011fu yerde...","og_url":"https:\/\/balkis.com.tr\/?page_id=517","og_site_name":"Albert Genau","article_publisher":"https:\/\/www.facebook.com\/balkispen","article_modified_time":"2025-02-20T18:49:47+00:00","og_image":[{"url":"https:\/\/www.albertgenau.com\/upload\/Node\/28987\/pics\/albert-genau-bioklimatik-pergola-7-.1024px.webp","type":"","width":"","height":""}],"twitter_card":"summary_large_image","twitter_site":"@balkispen","twitter_misc":{"Tahmini okuma s\u00fcresi":"3 dakika"},"schema":{"@context":"https:\/\/schema.org","@graph":[{"@type":"WebPage","@id":"https:\/\/balkis.com.tr\/?page_id=517","url":"https:\/\/balkis.com.tr\/?page_id=517","name":"Bioklimatik Pergola - Albert Genau","isPartOf":{"@id":"https:\/\/balkis.com.tr\/#website"},"primaryImageOfPage":{"@id":"https:\/\/balkis.com.tr\/?page_id=517#primaryimage"},"image":{"@id":"https:\/\/balkis.com.tr\/?page_id=517#primaryimage"},"thumbnailUrl":"https:\/\/www.albertgenau.com\/upload\/Node\/28987\/pics\/albert-genau-bioklimatik-pergola-7-.1024px.webp","datePublished":"2024-05-14T18:22:37+00:00","dateModified":"2025-02-20T18:49:47+00:00","breadcrumb":{"@id":"https:\/\/balkis.com.tr\/?page_id=517#breadcrumb"},"inLanguage":"tr","potentialAction":[{"@type":"ReadAction","target":["https:\/\/balkis.com.tr\/?page_id=517"]}]},{"@type":"ImageObject","inLanguage":"tr","@id":"https:\/\/balkis.com.tr\/?page_id=517#primaryimage","url":"https:\/\/www.albertgenau.com\/upload\/Node\/28987\/pics\/albert-genau-bioklimatik-pergola-7-.1024px.webp","contentUrl":"https:\/\/www.albertgenau.com\/upload\/Node\/28987\/pics\/albert-genau-bioklimatik-pergola-7-.1024px.webp"},{"@type":"BreadcrumbList","@id":"https:\/\/balkis.com.tr\/?page_id=517#breadcrumb","itemListElement":[{"@type":"ListItem","position":1,"name":"Ana sayfa","item":"https:\/\/balkis.com.tr\/"},{"@type":"ListItem","position":2,"name":"Bioklimatik Pergola"}]},{"@type":"WebSite","@id":"https:\/\/balkis.com.tr\/#website","url":"https:\/\/balkis.com.tr\/","name":"Albert Genau","description":"Kaliteyi deneyimimizle birle\u015ftirdik...","publisher":{"@id":"https:\/\/balkis.com.tr\/#organization"},"potentialAction":[{"@type":"SearchAction","target":{"@type":"EntryPoint","urlTemplate":"https:\/\/balkis.com.tr\/?s={search_term_string}"},"query-input":{"@type":"PropertyValueSpecification","valueRequired":true,"valueName":"search_term_string"}}],"inLanguage":"tr"},{"@type":"Organization","@id":"https:\/\/balkis.com.tr\/#organization","name":"Balk\u0131\u015f Karde\u015fler Plastik Do\u011frama ve \u0130n\u015f.San.Tic.Ltd.\u015eti.","url":"https:\/\/balkis.com.tr\/","logo":{"@type":"ImageObject","inLanguage":"tr","@id":"https:\/\/balkis.com.tr\/#\/schema\/logo\/image\/","url":"https:\/\/balkis.com.tr\/wp-content\/uploads\/2017\/10\/cropped-balkispen-1.png","contentUrl":"https:\/\/balkis.com.tr\/wp-content\/uploads\/2017\/10\/cropped-balkispen-1.png","width":1657,"height":480,"caption":"Balk\u0131\u015f Karde\u015fler Plastik Do\u011frama ve \u0130n\u015f.San.Tic.Ltd.\u015eti."},"image":{"@id":"https:\/\/balkis.com.tr\/#\/schema\/logo\/image\/"},"sameAs":["https:\/\/www.facebook.com\/balkispen","https:\/\/x.com\/balkispen","https:\/\/www.instagram.com\/balkispen_winsa_albertgenau\/"]}]}},"_links":{"self":[{"href":"https:\/\/balkis.com.tr\/index.php?rest_route=\/wp\/v2\/pages\/517","targetHints":{"allow":["GET"]}}],"collection":[{"href":"https:\/\/balkis.com.tr\/index.php?rest_route=\/wp\/v2\/pages"}],"about":[{"href":"https:\/\/balkis.com.tr\/index.php?rest_route=\/wp\/v2\/types\/page"}],"author":[{"embeddable":true,"href":"https:\/\/balkis.com.tr\/index.php?rest_route=\/wp\/v2\/users\/1"}],"replies":[{"embeddable":true,"href":"https:\/\/balkis.com.tr\/index.php?rest_route=%2Fwp%2Fv2%2Fcomments&post=517"}],"version-history":[{"count":4,"href":"https:\/\/balkis.com.tr\/index.php?rest_route=\/wp\/v2\/pages\/517\/revisions"}],"predecessor-version":[{"id":600,"href":"https:\/\/balkis.com.tr\/index.php?rest_route=\/wp\/v2\/pages\/517\/revisions\/600"}],"wp:attachment":[{"href":"https:\/\/balkis.com.tr\/index.php?rest_route=%2Fwp%2Fv2%2Fmedia&parent=517"}],"curies":[{"name":"wp","href":"https:\/\/api.w.org\/{rel}","templated":true}]}}