{"id":51,"date":"2017-10-16T14:58:31","date_gmt":"2017-10-16T14:58:31","guid":{"rendered":"http:\/\/balkis.com.tr\/?page_id=51"},"modified":"2024-12-16T11:22:30","modified_gmt":"2024-12-16T11:22:30","slug":"iletisim-2","status":"publish","type":"page","link":"https:\/\/balkis.com.tr\/?page_id=51","title":{"rendered":"\u0130leti\u015fim"},"content":{"rendered":"<table style=\"height: 723px;\" width=\"1157\">\n<tbody>\n<tr>\n<td>WhatsApp linkine t\u0131klat\u0131p bizimle ileti\u015fime ge\u00e7ebilirsiniz.<\/td>\n<\/tr>\n<tr>\n<td>\n<table width=\"100%\">\n<tbody>\n<tr>\n<td width=\"51\"><\/td>\n<td><strong>SHOWROOM ADRES<\/strong><\/td>\n<\/tr>\n<tr>\n<td width=\"51\"><strong>Adres<\/strong><\/td>\n<td>Alt\u0131n\u015fehir Mahallesi, Tavuk\u00e7uyolu, Kumru Caddesi, No:76\/B \u00dcmraniye, \u0130STANBUL<\/td>\n<\/tr>\n<tr>\n<td width=\"51\"><strong>Koordinat\u00a0<\/strong><\/td>\n<td><a href=\"https:\/\/maps.google.com\/maps\/ms?msid=214517488651559630713.00049a973b3cdce05883f&amp;msa=0\">41.010354,29.139843<\/a><\/td>\n<\/tr>\n<tr>\n<td width=\"51\"><strong>Telefon<\/strong><\/td>\n<td>+902165262425 Pbx.<\/td>\n<\/tr>\n<tr>\n<td width=\"51\"><strong>E-Mail<\/strong><\/td>\n<td><a href=\"mailto:satis@balkispen.com\">info@balkispen.com<\/a><\/td>\n<\/tr>\n<tr>\n<td width=\"51\"><strong>Web<\/strong><\/td>\n<td><a href=\"http:\/\/www.balkispen.com\/\">www.balkispen.com<\/a><\/td>\n<\/tr>\n<\/tbody>\n<\/table>\n<table width=\"750\">\n<tbody>\n<tr>\n<td width=\"51\"><strong>\u00a0Mobil<\/strong><\/td>\n<td>\u00a0+905322860198<strong>FABR\u0130KA ADRES\u0130<\/strong><\/td>\n<\/tr>\n<tr>\n<td>Adres<\/td>\n<td>\u015eerifali Mah. Tavuk\u00e7uyolu \u00c7etin Cd. Semah Sk. No:12\/A \u00dcmraniye \/ \u0130STANBUL<\/td>\n<\/tr>\n<tr>\n<td><strong>Koordinat<\/strong><\/td>\n<td>\u00a0<a href=\"https:\/\/maps.google.com\/maps\/myplaces?ll=41.005536,29.14499&amp;spn=0.009862,0.021136&amp;ctz=-120&amp;t=h&amp;z=16&amp;iwloc=A\">41.003770,29.144960<\/a><\/td>\n<\/tr>\n<tr>\n<td><strong>Toplu Ta\u015f\u0131ma<\/strong><\/td>\n<td>\u00a0320 &#8211; Ferhatpa\u015fa &#8211; \u00a0\u00dcsk\u00fcdar, 14 S\u00a0&#8211; Esen\u015fehir &#8211; Kad\u0131k\u00f6y, 14 YE &#8211; Yavuzt\u00fcrk Mah. &#8211; \u00dcmraniye \u2013 Emek Mah.131 T\u00a0&#8211; Ta\u015fdelen \u2013 \u0130mes \u2013 \u00dcmraniye, 131 YS\u00a0\u00a0 &#8211; Sultanbeyli \u2013 \u00dcmraniye, 11 P\u00a0 &#8211; Sar\u0131gazi Emek Mah. \u2013 \u00dcsk\u00fcdar11 G\u00a0&#8211; Yenido\u011fan \u2013 \u00dcsk\u00fcdar, 9 \u00dc\u00a0&#8211; Demokrasi Cad. \u2013 \u00dcsk\u00fcdar<\/td>\n<\/tr>\n<tr>\n<td><strong><a href=\"http:\/\/WEB.whatsapp.com\">Whatsapp<\/a><br \/>\n<\/strong><\/td>\n<td>+902165262425<\/td>\n<\/tr>\n<tr>\n<td><\/td>\n<td><\/td>\n<\/tr>\n<tr>\n<td colspan=\"2\"><\/td>\n<\/tr>\n<tr>\n<td colspan=\"2\"><\/td>\n<\/tr>\n<\/tbody>\n<\/table>\n<\/td>\n<\/tr>\n<\/tbody>\n<\/table>\n","protected":false},"excerpt":{"rendered":"<p>WhatsApp linkine t\u0131klat\u0131p bizimle ileti\u015fime ge\u00e7ebilirsiniz. SHOWROOM ADRES Adres Alt\u0131n\u015fehir Mahallesi, Tavuk\u00e7uyolu, Kumru Caddesi, No:76\/B \u00dcmraniye, \u0130STANBUL Koordinat\u00a0 41.010354,29.139843 Telefon +902165262425 Pbx. E-Mail info@balkispen.com Web www.balkispen.com \u00a0Mobil \u00a0+905322860198FABR\u0130KA ADRES\u0130 Adres \u015eerifali Mah. Tavuk\u00e7uyolu \u00c7etin Cd. Semah Sk. No:12\/A \u00dcmraniye \/&#8230;<\/p>\n","protected":false},"author":1,"featured_media":0,"parent":0,"menu_order":0,"comment_status":"closed","ping_status":"closed","template":"","meta":{"footnotes":""},"class_list":["post-51","page","type-page","status-publish","hentry"],"yoast_head":"<!-- This site is optimized with the Yoast SEO plugin v27.4 - https:\/\/yoast.com\/product\/yoast-seo-wordpress\/ -->\n<title>\u0130leti\u015fim - Albert Genau<\/title>\n<meta name=\"robots\" content=\"index, follow, max-snippet:-1, max-image-preview:large, max-video-preview:-1\" \/>\n<link rel=\"canonical\" href=\"https:\/\/balkis.com.tr\/?page_id=51\" \/>\n<meta property=\"og:locale\" content=\"tr_TR\" \/>\n<meta property=\"og:type\" content=\"article\" \/>\n<meta property=\"og:title\" content=\"\u0130leti\u015fim - Albert Genau\" \/>\n<meta property=\"og:description\" content=\"WhatsApp linkine t\u0131klat\u0131p bizimle ileti\u015fime ge\u00e7ebilirsiniz. SHOWROOM ADRES Adres Alt\u0131n\u015fehir Mahallesi, Tavuk\u00e7uyolu, Kumru Caddesi, No:76\/B \u00dcmraniye, \u0130STANBUL Koordinat\u00a0 41.010354,29.139843 Telefon +902165262425 Pbx. E-Mail info@balkispen.com Web www.balkispen.com \u00a0Mobil \u00a0+905322860198FABR\u0130KA ADRES\u0130 Adres \u015eerifali Mah. Tavuk\u00e7uyolu \u00c7etin Cd. Semah Sk. No:12\/A \u00dcmraniye \/...\" \/>\n<meta property=\"og:url\" content=\"https:\/\/balkis.com.tr\/?page_id=51\" \/>\n<meta property=\"og:site_name\" content=\"Albert Genau\" \/>\n<meta property=\"article:publisher\" content=\"https:\/\/www.facebook.com\/balkispen\" \/>\n<meta property=\"article:modified_time\" content=\"2024-12-16T11:22:30+00:00\" \/>\n<meta name=\"twitter:card\" content=\"summary_large_image\" \/>\n<meta name=\"twitter:site\" content=\"@balkispen\" \/>\n<meta name=\"twitter:label1\" content=\"Tahmini okuma s\u00fcresi\" \/>\n\t<meta name=\"twitter:data1\" content=\"1 dakika\" \/>\n<script type=\"application\/ld+json\" class=\"yoast-schema-graph\">{\"@context\":\"https:\\\/\\\/schema.org\",\"@graph\":[{\"@type\":\"WebPage\",\"@id\":\"https:\\\/\\\/balkis.com.tr\\\/?page_id=51\",\"url\":\"https:\\\/\\\/balkis.com.tr\\\/?page_id=51\",\"name\":\"\u0130leti\u015fim - Albert Genau\",\"isPartOf\":{\"@id\":\"https:\\\/\\\/balkis.com.tr\\\/#website\"},\"datePublished\":\"2017-10-16T14:58:31+00:00\",\"dateModified\":\"2024-12-16T11:22:30+00:00\",\"breadcrumb\":{\"@id\":\"https:\\\/\\\/balkis.com.tr\\\/?page_id=51#breadcrumb\"},\"inLanguage\":\"tr\",\"potentialAction\":[{\"@type\":\"ReadAction\",\"target\":[\"https:\\\/\\\/balkis.com.tr\\\/?page_id=51\"]}]},{\"@type\":\"BreadcrumbList\",\"@id\":\"https:\\\/\\\/balkis.com.tr\\\/?page_id=51#breadcrumb\",\"itemListElement\":[{\"@type\":\"ListItem\",\"position\":1,\"name\":\"Ana sayfa\",\"item\":\"https:\\\/\\\/balkis.com.tr\\\/\"},{\"@type\":\"ListItem\",\"position\":2,\"name\":\"\u0130leti\u015fim\"}]},{\"@type\":\"WebSite\",\"@id\":\"https:\\\/\\\/balkis.com.tr\\\/#website\",\"url\":\"https:\\\/\\\/balkis.com.tr\\\/\",\"name\":\"Albert Genau\",\"description\":\"Kaliteyi deneyimimizle birle\u015ftirdik...\",\"publisher\":{\"@id\":\"https:\\\/\\\/balkis.com.tr\\\/#organization\"},\"potentialAction\":[{\"@type\":\"SearchAction\",\"target\":{\"@type\":\"EntryPoint\",\"urlTemplate\":\"https:\\\/\\\/balkis.com.tr\\\/?s={search_term_string}\"},\"query-input\":{\"@type\":\"PropertyValueSpecification\",\"valueRequired\":true,\"valueName\":\"search_term_string\"}}],\"inLanguage\":\"tr\"},{\"@type\":\"Organization\",\"@id\":\"https:\\\/\\\/balkis.com.tr\\\/#organization\",\"name\":\"Balk\u0131\u015f Karde\u015fler Plastik Do\u011frama ve \u0130n\u015f.San.Tic.Ltd.\u015eti.\",\"url\":\"https:\\\/\\\/balkis.com.tr\\\/\",\"logo\":{\"@type\":\"ImageObject\",\"inLanguage\":\"tr\",\"@id\":\"https:\\\/\\\/balkis.com.tr\\\/#\\\/schema\\\/logo\\\/image\\\/\",\"url\":\"https:\\\/\\\/balkis.com.tr\\\/wp-content\\\/uploads\\\/2017\\\/10\\\/cropped-balkispen-1.png\",\"contentUrl\":\"https:\\\/\\\/balkis.com.tr\\\/wp-content\\\/uploads\\\/2017\\\/10\\\/cropped-balkispen-1.png\",\"width\":1657,\"height\":480,\"caption\":\"Balk\u0131\u015f Karde\u015fler Plastik Do\u011frama ve \u0130n\u015f.San.Tic.Ltd.\u015eti.\"},\"image\":{\"@id\":\"https:\\\/\\\/balkis.com.tr\\\/#\\\/schema\\\/logo\\\/image\\\/\"},\"sameAs\":[\"https:\\\/\\\/www.facebook.com\\\/balkispen\",\"https:\\\/\\\/x.com\\\/balkispen\",\"https:\\\/\\\/www.instagram.com\\\/balkispen_winsa_albertgenau\\\/\"]}]}<\/script>\n<!-- \/ Yoast SEO plugin. -->","yoast_head_json":{"title":"\u0130leti\u015fim - Albert Genau","robots":{"index":"index","follow":"follow","max-snippet":"max-snippet:-1","max-image-preview":"max-image-preview:large","max-video-preview":"max-video-preview:-1"},"canonical":"https:\/\/balkis.com.tr\/?page_id=51","og_locale":"tr_TR","og_type":"article","og_title":"\u0130leti\u015fim - Albert Genau","og_description":"WhatsApp linkine t\u0131klat\u0131p bizimle ileti\u015fime ge\u00e7ebilirsiniz. SHOWROOM ADRES Adres Alt\u0131n\u015fehir Mahallesi, Tavuk\u00e7uyolu, Kumru Caddesi, No:76\/B \u00dcmraniye, \u0130STANBUL Koordinat\u00a0 41.010354,29.139843 Telefon +902165262425 Pbx. E-Mail info@balkispen.com Web www.balkispen.com \u00a0Mobil \u00a0+905322860198FABR\u0130KA ADRES\u0130 Adres \u015eerifali Mah. Tavuk\u00e7uyolu \u00c7etin Cd. Semah Sk. No:12\/A \u00dcmraniye \/...","og_url":"https:\/\/balkis.com.tr\/?page_id=51","og_site_name":"Albert Genau","article_publisher":"https:\/\/www.facebook.com\/balkispen","article_modified_time":"2024-12-16T11:22:30+00:00","twitter_card":"summary_large_image","twitter_site":"@balkispen","twitter_misc":{"Tahmini okuma s\u00fcresi":"1 dakika"},"schema":{"@context":"https:\/\/schema.org","@graph":[{"@type":"WebPage","@id":"https:\/\/balkis.com.tr\/?page_id=51","url":"https:\/\/balkis.com.tr\/?page_id=51","name":"\u0130leti\u015fim - Albert Genau","isPartOf":{"@id":"https:\/\/balkis.com.tr\/#website"},"datePublished":"2017-10-16T14:58:31+00:00","dateModified":"2024-12-16T11:22:30+00:00","breadcrumb":{"@id":"https:\/\/balkis.com.tr\/?page_id=51#breadcrumb"},"inLanguage":"tr","potentialAction":[{"@type":"ReadAction","target":["https:\/\/balkis.com.tr\/?page_id=51"]}]},{"@type":"BreadcrumbList","@id":"https:\/\/balkis.com.tr\/?page_id=51#breadcrumb","itemListElement":[{"@type":"ListItem","position":1,"name":"Ana sayfa","item":"https:\/\/balkis.com.tr\/"},{"@type":"ListItem","position":2,"name":"\u0130leti\u015fim"}]},{"@type":"WebSite","@id":"https:\/\/balkis.com.tr\/#website","url":"https:\/\/balkis.com.tr\/","name":"Albert Genau","description":"Kaliteyi deneyimimizle birle\u015ftirdik...","publisher":{"@id":"https:\/\/balkis.com.tr\/#organization"},"potentialAction":[{"@type":"SearchAction","target":{"@type":"EntryPoint","urlTemplate":"https:\/\/balkis.com.tr\/?s={search_term_string}"},"query-input":{"@type":"PropertyValueSpecification","valueRequired":true,"valueName":"search_term_string"}}],"inLanguage":"tr"},{"@type":"Organization","@id":"https:\/\/balkis.com.tr\/#organization","name":"Balk\u0131\u015f Karde\u015fler Plastik Do\u011frama ve \u0130n\u015f.San.Tic.Ltd.\u015eti.","url":"https:\/\/balkis.com.tr\/","logo":{"@type":"ImageObject","inLanguage":"tr","@id":"https:\/\/balkis.com.tr\/#\/schema\/logo\/image\/","url":"https:\/\/balkis.com.tr\/wp-content\/uploads\/2017\/10\/cropped-balkispen-1.png","contentUrl":"https:\/\/balkis.com.tr\/wp-content\/uploads\/2017\/10\/cropped-balkispen-1.png","width":1657,"height":480,"caption":"Balk\u0131\u015f Karde\u015fler Plastik Do\u011frama ve \u0130n\u015f.San.Tic.Ltd.\u015eti."},"image":{"@id":"https:\/\/balkis.com.tr\/#\/schema\/logo\/image\/"},"sameAs":["https:\/\/www.facebook.com\/balkispen","https:\/\/x.com\/balkispen","https:\/\/www.instagram.com\/balkispen_winsa_albertgenau\/"]}]}},"_links":{"self":[{"href":"https:\/\/balkis.com.tr\/index.php?rest_route=\/wp\/v2\/pages\/51","targetHints":{"allow":["GET"]}}],"collection":[{"href":"https:\/\/balkis.com.tr\/index.php?rest_route=\/wp\/v2\/pages"}],"about":[{"href":"https:\/\/balkis.com.tr\/index.php?rest_route=\/wp\/v2\/types\/page"}],"author":[{"embeddable":true,"href":"https:\/\/balkis.com.tr\/index.php?rest_route=\/wp\/v2\/users\/1"}],"replies":[{"embeddable":true,"href":"https:\/\/balkis.com.tr\/index.php?rest_route=%2Fwp%2Fv2%2Fcomments&post=51"}],"version-history":[{"count":12,"href":"https:\/\/balkis.com.tr\/index.php?rest_route=\/wp\/v2\/pages\/51\/revisions"}],"predecessor-version":[{"id":568,"href":"https:\/\/balkis.com.tr\/index.php?rest_route=\/wp\/v2\/pages\/51\/revisions\/568"}],"wp:attachment":[{"href":"https:\/\/balkis.com.tr\/index.php?rest_route=%2Fwp%2Fv2%2Fmedia&parent=51"}],"curies":[{"name":"wp","href":"https:\/\/api.w.org\/{rel}","templated":true}]}}