{"id":2,"date":"2016-05-10T03:48:21","date_gmt":"2016-05-10T03:48:21","guid":{"rendered":"http:\/\/wp452m.a10-52-158-154.qa.plesk.ru\/wordpress\/?page_id=2"},"modified":"2023-01-14T09:07:29","modified_gmt":"2023-01-14T09:07:29","slug":"sample-page","status":"publish","type":"page","link":"https:\/\/balkis.com.tr\/?page_id=2","title":{"rendered":"Tiara 08 Katlan\u0131r Cam"},"content":{"rendered":"<div>\n<section>\n<div class=\"columns fluid\">\n<div class=\"col3\">\n<p><img loading=\"lazy\" decoding=\"async\" class=\"wp-image-103 alignright\" src=\"https:\/\/balkis.com.tr\/wp-content\/uploads\/2018\/01\/albert-genau-logo-300x80.jpg\" alt=\"\" width=\"206\" height=\"55\" srcset=\"https:\/\/balkis.com.tr\/wp-content\/uploads\/2018\/01\/albert-genau-logo-300x80.jpg 300w, https:\/\/balkis.com.tr\/wp-content\/uploads\/2018\/01\/albert-genau-logo.jpg 448w\" sizes=\"auto, (max-width: 206px) 100vw, 206px\" \/><\/p>\n<p><img loading=\"lazy\" decoding=\"async\" class=\"alignnone wp-image-7\" src=\"https:\/\/balkis.com.tr\/wp-content\/uploads\/2017\/10\/IMG_3483-225x300.jpg\" alt=\"\" width=\"151\" height=\"201\" srcset=\"https:\/\/balkis.com.tr\/wp-content\/uploads\/2017\/10\/IMG_3483-225x300.jpg 225w, https:\/\/balkis.com.tr\/wp-content\/uploads\/2017\/10\/IMG_3483-768x1024.jpg 768w, https:\/\/balkis.com.tr\/wp-content\/uploads\/2017\/10\/IMG_3483.jpg 960w\" sizes=\"auto, (max-width: 151px) 100vw, 151px\" \/><img loading=\"lazy\" decoding=\"async\" class=\"alignnone wp-image-45\" src=\"https:\/\/balkis.com.tr\/wp-content\/uploads\/2017\/10\/IMG_5490-240x300.jpg\" alt=\"\" width=\"161\" height=\"201\" srcset=\"https:\/\/balkis.com.tr\/wp-content\/uploads\/2017\/10\/IMG_5490-240x300.jpg 240w, https:\/\/balkis.com.tr\/wp-content\/uploads\/2017\/10\/IMG_5490.jpg 720w\" sizes=\"auto, (max-width: 161px) 100vw, 161px\" \/><img loading=\"lazy\" decoding=\"async\" class=\"alignnone wp-image-37\" src=\"https:\/\/balkis.com.tr\/wp-content\/uploads\/2017\/10\/IMG_3462-225x300.jpg\" alt=\"\" width=\"153\" height=\"204\" srcset=\"https:\/\/balkis.com.tr\/wp-content\/uploads\/2017\/10\/IMG_3462-225x300.jpg 225w, https:\/\/balkis.com.tr\/wp-content\/uploads\/2017\/10\/IMG_3462-768x1024.jpg 768w, https:\/\/balkis.com.tr\/wp-content\/uploads\/2017\/10\/IMG_3462.jpg 960w\" sizes=\"auto, (max-width: 153px) 100vw, 153px\" \/><\/p>\n<p><iframe loading=\"lazy\" src=\"https:\/\/player.vimeo.com\/video\/288677171\" width=\"100%\" height=\"100%\" frameborder=\"0\" allowfullscreen=\"allowfullscreen\" data-mce-fragment=\"1\"><\/iframe><\/p>\n<p><strong>\u00d6zellikler:<\/strong><\/p>\n<ul class=\"liste03\">\n<li>Kayar katlan\u0131r balkon camlama sistemi<\/li>\n<li>Cam \u00d6zelli\u011fi: D\u00f6rt kenar\u0131 rodajlanm\u0131\u015f, temperli veya lamine<\/li>\n<li>Cam Kal\u0131nl\u0131\u011f\u0131:\u00a0<strong>8 mm<\/strong><\/li>\n<li>Max. Panel Geni\u015fli\u011fi:\u00a0<strong>800*2250 mm<\/strong><\/li>\n<li>Ta\u015f\u0131ma Sistemi: Alt+\u00dcst (4+4) Ta\u015f\u0131ma Sistemi<\/li>\n<\/ul>\n<p><img loading=\"lazy\" decoding=\"async\" class=\"\" src=\"http:\/\/www.albertgenau.com\/upload\/Node\/26016\/pics\/42_Small.jpg\" alt=\"42 Small\" width=\"135\" height=\"206\" \/><\/p>\n<h3>Gizli Su Tahliye Sistemi<\/h3>\n<p>Sistemde, ta\u015f\u0131y\u0131c\u0131 kasa profili \u00fczerindeki, gizli kondens kanal\u0131 sayesinde hem kozmetik hem de verimli bir su tahliyesi ger\u00e7ekle\u015ftirilirken, ya\u011fmur suyunun, profilin i\u00e7ine girmeden d\u0131\u015far\u0131ya y\u00f6nlendirilmesi, kanat profillerinin \u00fczerindeki y\u00f6nlendirme kanat\u00e7\u0131klar\u0131 ile sa\u011flan\u0131yor.<\/p>\n<\/div>\n<div class=\"col3\">\n<p><img loading=\"lazy\" decoding=\"async\" class=\"\" src=\"http:\/\/www.albertgenau.com\/upload\/Node\/26016\/pics\/43_Small.250px.jpg\" alt=\"43 Small\" width=\"130\" height=\"176\" \/><\/p>\n<h3>Durdurulamaz Hareket<\/h3>\n<p>Tiara da, 38 mm \u00e7ap\u0131nda, altta 4, \u00fcstte 4, toplam 8 adet \u00f6zel m\u00fchendislik plasti\u011fi kaplanm\u0131\u015f paslanmaz \u00e7elik teker kullan\u0131lm\u0131\u015ft\u0131r. Tiaran\u0131n hareketini durduramazs\u0131n\u0131z. T\u00fcm kanatlar, konforlu \u015fekilde, en az s\u00fcrt\u00fcnme ve ses ile hareket eder, a\u00e7\u0131l\u0131p, kapan\u0131r.<\/p>\n<\/div>\n<div class=\"col3\">\n<p><img loading=\"lazy\" decoding=\"async\" class=\"\" src=\"http:\/\/www.albertgenau.com\/upload\/Node\/26016\/pics\/44_Small.jpg\" alt=\"44 Small\" width=\"124\" height=\"100\" \/><\/p>\n<h3>D\u00fc\u015fmez, Sarkmaz Cam Kanatlar<\/h3>\n<p>Tiara Cambalkon Sistemi i\u00e7in Albert Genau m\u00fchendisleri \u00f6zel bir kilitleme mekanizmas\u0131 geli\u015ftirdiler. \u201cABL \u2013 Auto Brake Lock\u201d ad\u0131 verilen sistem ile kayar cam panelleri park alan\u0131na geldiklerinde, otomatik olarak kilitlenip, kanad\u0131n yerinden oynamadan a\u00e7\u0131lmas\u0131 sa\u011flan\u0131yor. Bu sayede, sistemin kilitlemesi ger\u00e7ekle\u015fmeden, kanat a\u00e7\u0131lmas\u0131 tamamen engelleniyor.<\/p>\n<\/div>\n<div class=\"col3\">\n<p><img loading=\"lazy\" decoding=\"async\" class=\"\" src=\"http:\/\/www.albertgenau.com\/upload\/Node\/26016\/pics\/41.png\" alt=\"41\" width=\"153\" height=\"118\" \/><\/p>\n<h3>Paslanmaz Aksam<\/h3>\n<p>Albert Genau\u2019nun t\u00fcm \u00fcr\u00fcnlerinde oldu\u011fu gibi Tiara\u2019da da t\u00fcm rulman ve aksam tak\u0131mlar\u0131 paslanmazl\u0131k garantisi alt\u0131ndad\u0131r.<\/p>\n<\/div>\n<\/div>\n<\/section>\n<\/div>\n<div class=\"columns fluid\">\n<div class=\"col8\">\n<h2>CAMLAR NASIL TEM\u0130ZLEN\u0130R?<\/h2>\n<p>Sistemin t\u00fcm camlar\u0131, tek tek i\u00e7eri a\u00e7\u0131labildi\u011fi i\u00e7in, hem d\u0131\u015ftan hem i\u00e7ten \u00e7ok rahatl\u0131kla silinebilir. Dikey profiller al\u00fcminyum oldu\u011fu i\u00e7in zaman i\u00e7inde sararma, d\u00f6k\u00fclme yapmaz. Sistem temizlik detay\u0131 dikkate al\u0131narak, p\u00fcr\u00fczs\u00fcz olarak tasarlanm\u0131\u015f olup, girintili \u00e7\u0131k\u0131nt\u0131l\u0131 (ond\u00fcla) yap\u0131daki profillerden ka\u00e7\u0131n\u0131lm\u0131\u015ft\u0131r.<\/p>\n<\/div>\n<div class=\"col4\"><img decoding=\"async\" src=\"http:\/\/www.albertgenau.com\/upload\/Node\/26016\/pics\/Tiara0823_Small.jpg\" alt=\"Tiara0823 Small\" \/><\/div>\n<\/div>\n<div class=\"columns fluid\">\n<div class=\"col4\"><img loading=\"lazy\" decoding=\"async\" class=\"\" src=\"http:\/\/www.albertgenau.com\/upload\/Node\/26016\/pics\/emniyet_Small.jpg\" alt=\"sub2 Small\" width=\"198\" height=\"108\" \/><\/div>\n<div class=\"col8\">\n<h2>K\u00dc\u00c7\u00dcK \u00c7OCU\u011eUM \u0130\u00c7\u0130N CAMBALKON EMN\u0130YETL\u0130 M\u0130?<\/h2>\n<p>Sistemin mente\u015feli panelleri \u00fczerine Albert Genau patentli \u00e7ocuk emniyet kilidi bulunmaktad\u0131r. Dolay\u0131s\u0131yla, kilit kapal\u0131 oldu\u011fu s\u00fcrece sistem, \u00e7ocu\u011funuz i\u00e7in emniyetlidir.<\/p>\n<\/div>\n<\/div>\n<div class=\"columns fluid\">\n<div class=\"col8\">\n<h2>BALKONLARA VE KI\u015e BAH\u00c7ELER\u0130NE UYGUN MU?<\/h2>\n<p>Her t\u00fcrden balkona (D\u00fcz, Yay, K\u00f6\u015feli, A\u00e7\u0131l\u0131) uygulanabilir. Apartman, villa, cafe, restaurant, otel, teras vb. her t\u00fcrl\u00fc mekanlarda kullan\u0131ma uygundur. Ayr\u0131ca, Albert Genau k\u0131\u015f bah\u00e7esi ve otomatik pergola sistemleri ile tam uyumludur.<\/p>\n<\/div>\n<div class=\"col4\"><\/div>\n<\/div>\n<div class=\"columns fluid\"><\/div>\n","protected":false},"excerpt":{"rendered":"<p>\u00d6zellikler: Kayar katlan\u0131r balkon camlama sistemi Cam \u00d6zelli\u011fi: D\u00f6rt kenar\u0131 rodajlanm\u0131\u015f, temperli veya lamine Cam Kal\u0131nl\u0131\u011f\u0131:\u00a08 mm Max. Panel Geni\u015fli\u011fi:\u00a0800*2250 mm Ta\u015f\u0131ma Sistemi: Alt+\u00dcst (4+4) Ta\u015f\u0131ma Sistemi Gizli Su Tahliye Sistemi Sistemde, ta\u015f\u0131y\u0131c\u0131 kasa profili \u00fczerindeki, gizli kondens kanal\u0131 sayesinde&#8230;<\/p>\n","protected":false},"author":1,"featured_media":0,"parent":0,"menu_order":0,"comment_status":"closed","ping_status":"closed","template":"","meta":{"footnotes":""},"class_list":["post-2","page","type-page","status-publish","hentry"],"yoast_head":"<!-- This site is optimized with the Yoast SEO plugin v27.4 - https:\/\/yoast.com\/product\/yoast-seo-wordpress\/ -->\n<title>Tiara 08 Katlan\u0131r Cam - Albert Genau<\/title>\n<meta name=\"robots\" content=\"index, follow, max-snippet:-1, max-image-preview:large, max-video-preview:-1\" \/>\n<link rel=\"canonical\" href=\"https:\/\/balkis.com.tr\/?page_id=2\" \/>\n<meta property=\"og:locale\" content=\"tr_TR\" \/>\n<meta property=\"og:type\" content=\"article\" \/>\n<meta property=\"og:title\" content=\"Tiara 08 Katlan\u0131r Cam - Albert Genau\" \/>\n<meta property=\"og:description\" content=\"\u00d6zellikler: Kayar katlan\u0131r balkon camlama sistemi Cam \u00d6zelli\u011fi: D\u00f6rt kenar\u0131 rodajlanm\u0131\u015f, temperli veya lamine Cam Kal\u0131nl\u0131\u011f\u0131:\u00a08 mm Max. Panel Geni\u015fli\u011fi:\u00a0800*2250 mm Ta\u015f\u0131ma Sistemi: Alt+\u00dcst (4+4) Ta\u015f\u0131ma Sistemi Gizli Su Tahliye Sistemi Sistemde, ta\u015f\u0131y\u0131c\u0131 kasa profili \u00fczerindeki, gizli kondens kanal\u0131 sayesinde...\" \/>\n<meta property=\"og:url\" content=\"https:\/\/balkis.com.tr\/?page_id=2\" \/>\n<meta property=\"og:site_name\" content=\"Albert Genau\" \/>\n<meta property=\"article:publisher\" content=\"https:\/\/www.facebook.com\/balkispen\" \/>\n<meta property=\"article:modified_time\" content=\"2023-01-14T09:07:29+00:00\" \/>\n<meta property=\"og:image\" content=\"https:\/\/balkis.com.tr\/wp-content\/uploads\/2018\/01\/albert-genau-logo-300x80.jpg\" \/>\n<meta name=\"twitter:card\" content=\"summary_large_image\" \/>\n<meta name=\"twitter:site\" content=\"@balkispen\" \/>\n<meta name=\"twitter:label1\" content=\"Tahmini okuma s\u00fcresi\" \/>\n\t<meta name=\"twitter:data1\" content=\"4 dakika\" \/>\n<script type=\"application\/ld+json\" class=\"yoast-schema-graph\">{\"@context\":\"https:\\\/\\\/schema.org\",\"@graph\":[{\"@type\":\"WebPage\",\"@id\":\"https:\\\/\\\/balkis.com.tr\\\/?page_id=2\",\"url\":\"https:\\\/\\\/balkis.com.tr\\\/?page_id=2\",\"name\":\"Tiara 08 Katlan\u0131r Cam - Albert Genau\",\"isPartOf\":{\"@id\":\"https:\\\/\\\/balkis.com.tr\\\/#website\"},\"primaryImageOfPage\":{\"@id\":\"https:\\\/\\\/balkis.com.tr\\\/?page_id=2#primaryimage\"},\"image\":{\"@id\":\"https:\\\/\\\/balkis.com.tr\\\/?page_id=2#primaryimage\"},\"thumbnailUrl\":\"https:\\\/\\\/balkis.com.tr\\\/wp-content\\\/uploads\\\/2018\\\/01\\\/albert-genau-logo-300x80.jpg\",\"datePublished\":\"2016-05-10T03:48:21+00:00\",\"dateModified\":\"2023-01-14T09:07:29+00:00\",\"breadcrumb\":{\"@id\":\"https:\\\/\\\/balkis.com.tr\\\/?page_id=2#breadcrumb\"},\"inLanguage\":\"tr\",\"potentialAction\":[{\"@type\":\"ReadAction\",\"target\":[\"https:\\\/\\\/balkis.com.tr\\\/?page_id=2\"]}]},{\"@type\":\"ImageObject\",\"inLanguage\":\"tr\",\"@id\":\"https:\\\/\\\/balkis.com.tr\\\/?page_id=2#primaryimage\",\"url\":\"https:\\\/\\\/balkis.com.tr\\\/wp-content\\\/uploads\\\/2018\\\/01\\\/albert-genau-logo.jpg\",\"contentUrl\":\"https:\\\/\\\/balkis.com.tr\\\/wp-content\\\/uploads\\\/2018\\\/01\\\/albert-genau-logo.jpg\",\"width\":448,\"height\":119},{\"@type\":\"BreadcrumbList\",\"@id\":\"https:\\\/\\\/balkis.com.tr\\\/?page_id=2#breadcrumb\",\"itemListElement\":[{\"@type\":\"ListItem\",\"position\":1,\"name\":\"Ana sayfa\",\"item\":\"https:\\\/\\\/balkis.com.tr\\\/\"},{\"@type\":\"ListItem\",\"position\":2,\"name\":\"Tiara 08 Katlan\u0131r Cam\"}]},{\"@type\":\"WebSite\",\"@id\":\"https:\\\/\\\/balkis.com.tr\\\/#website\",\"url\":\"https:\\\/\\\/balkis.com.tr\\\/\",\"name\":\"Albert Genau\",\"description\":\"Kaliteyi deneyimimizle birle\u015ftirdik...\",\"publisher\":{\"@id\":\"https:\\\/\\\/balkis.com.tr\\\/#organization\"},\"potentialAction\":[{\"@type\":\"SearchAction\",\"target\":{\"@type\":\"EntryPoint\",\"urlTemplate\":\"https:\\\/\\\/balkis.com.tr\\\/?s={search_term_string}\"},\"query-input\":{\"@type\":\"PropertyValueSpecification\",\"valueRequired\":true,\"valueName\":\"search_term_string\"}}],\"inLanguage\":\"tr\"},{\"@type\":\"Organization\",\"@id\":\"https:\\\/\\\/balkis.com.tr\\\/#organization\",\"name\":\"Balk\u0131\u015f Karde\u015fler Plastik Do\u011frama ve \u0130n\u015f.San.Tic.Ltd.\u015eti.\",\"url\":\"https:\\\/\\\/balkis.com.tr\\\/\",\"logo\":{\"@type\":\"ImageObject\",\"inLanguage\":\"tr\",\"@id\":\"https:\\\/\\\/balkis.com.tr\\\/#\\\/schema\\\/logo\\\/image\\\/\",\"url\":\"https:\\\/\\\/balkis.com.tr\\\/wp-content\\\/uploads\\\/2017\\\/10\\\/cropped-balkispen-1.png\",\"contentUrl\":\"https:\\\/\\\/balkis.com.tr\\\/wp-content\\\/uploads\\\/2017\\\/10\\\/cropped-balkispen-1.png\",\"width\":1657,\"height\":480,\"caption\":\"Balk\u0131\u015f Karde\u015fler Plastik Do\u011frama ve \u0130n\u015f.San.Tic.Ltd.\u015eti.\"},\"image\":{\"@id\":\"https:\\\/\\\/balkis.com.tr\\\/#\\\/schema\\\/logo\\\/image\\\/\"},\"sameAs\":[\"https:\\\/\\\/www.facebook.com\\\/balkispen\",\"https:\\\/\\\/x.com\\\/balkispen\",\"https:\\\/\\\/www.instagram.com\\\/balkispen_winsa_albertgenau\\\/\"]}]}<\/script>\n<!-- \/ Yoast SEO plugin. -->","yoast_head_json":{"title":"Tiara 08 Katlan\u0131r Cam - Albert Genau","robots":{"index":"index","follow":"follow","max-snippet":"max-snippet:-1","max-image-preview":"max-image-preview:large","max-video-preview":"max-video-preview:-1"},"canonical":"https:\/\/balkis.com.tr\/?page_id=2","og_locale":"tr_TR","og_type":"article","og_title":"Tiara 08 Katlan\u0131r Cam - Albert Genau","og_description":"\u00d6zellikler: Kayar katlan\u0131r balkon camlama sistemi Cam \u00d6zelli\u011fi: D\u00f6rt kenar\u0131 rodajlanm\u0131\u015f, temperli veya lamine Cam Kal\u0131nl\u0131\u011f\u0131:\u00a08 mm Max. Panel Geni\u015fli\u011fi:\u00a0800*2250 mm Ta\u015f\u0131ma Sistemi: Alt+\u00dcst (4+4) Ta\u015f\u0131ma Sistemi Gizli Su Tahliye Sistemi Sistemde, ta\u015f\u0131y\u0131c\u0131 kasa profili \u00fczerindeki, gizli kondens kanal\u0131 sayesinde...","og_url":"https:\/\/balkis.com.tr\/?page_id=2","og_site_name":"Albert Genau","article_publisher":"https:\/\/www.facebook.com\/balkispen","article_modified_time":"2023-01-14T09:07:29+00:00","og_image":[{"url":"https:\/\/balkis.com.tr\/wp-content\/uploads\/2018\/01\/albert-genau-logo-300x80.jpg","type":"","width":"","height":""}],"twitter_card":"summary_large_image","twitter_site":"@balkispen","twitter_misc":{"Tahmini okuma s\u00fcresi":"4 dakika"},"schema":{"@context":"https:\/\/schema.org","@graph":[{"@type":"WebPage","@id":"https:\/\/balkis.com.tr\/?page_id=2","url":"https:\/\/balkis.com.tr\/?page_id=2","name":"Tiara 08 Katlan\u0131r Cam - Albert Genau","isPartOf":{"@id":"https:\/\/balkis.com.tr\/#website"},"primaryImageOfPage":{"@id":"https:\/\/balkis.com.tr\/?page_id=2#primaryimage"},"image":{"@id":"https:\/\/balkis.com.tr\/?page_id=2#primaryimage"},"thumbnailUrl":"https:\/\/balkis.com.tr\/wp-content\/uploads\/2018\/01\/albert-genau-logo-300x80.jpg","datePublished":"2016-05-10T03:48:21+00:00","dateModified":"2023-01-14T09:07:29+00:00","breadcrumb":{"@id":"https:\/\/balkis.com.tr\/?page_id=2#breadcrumb"},"inLanguage":"tr","potentialAction":[{"@type":"ReadAction","target":["https:\/\/balkis.com.tr\/?page_id=2"]}]},{"@type":"ImageObject","inLanguage":"tr","@id":"https:\/\/balkis.com.tr\/?page_id=2#primaryimage","url":"https:\/\/balkis.com.tr\/wp-content\/uploads\/2018\/01\/albert-genau-logo.jpg","contentUrl":"https:\/\/balkis.com.tr\/wp-content\/uploads\/2018\/01\/albert-genau-logo.jpg","width":448,"height":119},{"@type":"BreadcrumbList","@id":"https:\/\/balkis.com.tr\/?page_id=2#breadcrumb","itemListElement":[{"@type":"ListItem","position":1,"name":"Ana sayfa","item":"https:\/\/balkis.com.tr\/"},{"@type":"ListItem","position":2,"name":"Tiara 08 Katlan\u0131r Cam"}]},{"@type":"WebSite","@id":"https:\/\/balkis.com.tr\/#website","url":"https:\/\/balkis.com.tr\/","name":"Albert Genau","description":"Kaliteyi deneyimimizle birle\u015ftirdik...","publisher":{"@id":"https:\/\/balkis.com.tr\/#organization"},"potentialAction":[{"@type":"SearchAction","target":{"@type":"EntryPoint","urlTemplate":"https:\/\/balkis.com.tr\/?s={search_term_string}"},"query-input":{"@type":"PropertyValueSpecification","valueRequired":true,"valueName":"search_term_string"}}],"inLanguage":"tr"},{"@type":"Organization","@id":"https:\/\/balkis.com.tr\/#organization","name":"Balk\u0131\u015f Karde\u015fler Plastik Do\u011frama ve \u0130n\u015f.San.Tic.Ltd.\u015eti.","url":"https:\/\/balkis.com.tr\/","logo":{"@type":"ImageObject","inLanguage":"tr","@id":"https:\/\/balkis.com.tr\/#\/schema\/logo\/image\/","url":"https:\/\/balkis.com.tr\/wp-content\/uploads\/2017\/10\/cropped-balkispen-1.png","contentUrl":"https:\/\/balkis.com.tr\/wp-content\/uploads\/2017\/10\/cropped-balkispen-1.png","width":1657,"height":480,"caption":"Balk\u0131\u015f Karde\u015fler Plastik Do\u011frama ve \u0130n\u015f.San.Tic.Ltd.\u015eti."},"image":{"@id":"https:\/\/balkis.com.tr\/#\/schema\/logo\/image\/"},"sameAs":["https:\/\/www.facebook.com\/balkispen","https:\/\/x.com\/balkispen","https:\/\/www.instagram.com\/balkispen_winsa_albertgenau\/"]}]}},"_links":{"self":[{"href":"https:\/\/balkis.com.tr\/index.php?rest_route=\/wp\/v2\/pages\/2","targetHints":{"allow":["GET"]}}],"collection":[{"href":"https:\/\/balkis.com.tr\/index.php?rest_route=\/wp\/v2\/pages"}],"about":[{"href":"https:\/\/balkis.com.tr\/index.php?rest_route=\/wp\/v2\/types\/page"}],"author":[{"embeddable":true,"href":"https:\/\/balkis.com.tr\/index.php?rest_route=\/wp\/v2\/users\/1"}],"replies":[{"embeddable":true,"href":"https:\/\/balkis.com.tr\/index.php?rest_route=%2Fwp%2Fv2%2Fcomments&post=2"}],"version-history":[{"count":11,"href":"https:\/\/balkis.com.tr\/index.php?rest_route=\/wp\/v2\/pages\/2\/revisions"}],"predecessor-version":[{"id":381,"href":"https:\/\/balkis.com.tr\/index.php?rest_route=\/wp\/v2\/pages\/2\/revisions\/381"}],"wp:attachment":[{"href":"https:\/\/balkis.com.tr\/index.php?rest_route=%2Fwp%2Fv2%2Fmedia&parent=2"}],"curies":[{"name":"wp","href":"https:\/\/api.w.org\/{rel}","templated":true}]}}