{"id":192,"date":"2021-08-25T08:47:50","date_gmt":"2021-08-25T08:47:50","guid":{"rendered":"http:\/\/balkis.com.tr\/?page_id=192"},"modified":"2021-08-25T09:20:12","modified_gmt":"2021-08-25T09:20:12","slug":"balkis-golgelendirme-sistemleri","status":"publish","type":"page","link":"https:\/\/balkis.com.tr\/?page_id=192","title":{"rendered":"Zip Perde"},"content":{"rendered":"\n\n\n<figure class=\"wp-block-embed is-type-video is-provider-youtube wp-block-embed-youtube wp-embed-aspect-16-9 wp-has-aspect-ratio\"><div class=\"wp-block-embed__wrapper\">\n<iframe loading=\"lazy\" title=\"Zip Perde Uygulamas\u0131\" width=\"640\" height=\"360\" src=\"https:\/\/www.youtube.com\/embed\/8j93TJQk4hw?feature=oembed\" frameborder=\"0\" allow=\"accelerometer; autoplay; clipboard-write; encrypted-media; gyroscope; picture-in-picture; web-share\" referrerpolicy=\"strict-origin-when-cross-origin\" allowfullscreen><\/iframe>\n<\/div><\/figure>\n\n\n\n<h2 class=\"wp-block-heading\">Zip Perde Sistemi<br><\/h2>\n\n\n\n<p>Yeni nesil g\u00fcne\u015f k\u0131r\u0131c\u0131 perde olarak adland\u0131rabilece\u011fimiz&nbsp;<strong>Zip perde<\/strong>&nbsp;sistemleri y\u00fcksek memnuniyet oran\u0131na sahip ve son zamanlarda kullan\u0131m\u0131 h\u0131zl\u0131 bir \u015fekilde artan yeni bir motorlu d\u0131\u015f perde modelidir.&nbsp;Klasik tente, cam gibi g\u00f6lgelendirme sistemlerinin yerine her alanda kullan\u0131m\u0131 m\u00fcmk\u00fcnd\u00fcr. Restoran, kafe, al\u0131\u015fveri\u015f merkezleri, d\u00fckk\u00e2n, villa veya diledi\u011finiz her t\u00fcrl\u00fc binaya uygulamas\u0131 yap\u0131lmaktad\u0131r.<\/p>\n\n\n\n<p>Firmam\u0131z en \u00fcst teknoloji kabul edilen, UV standartlar\u0131n\u0131n en \u00fcst\u00fcne \u00e7\u0131km\u0131\u015f, b\u00fct\u00fcn d\u00fcnyaca kabul edilmi\u015f se\u00e7kin marka kuma\u015flar\u0131 kullanmaktad\u0131r.&nbsp;Ekstra korumal\u0131 kuma\u015f\u0131 t\u00fcm d\u0131\u015f etmenlere, darbeye, suya, g\u00fcne\u015fe, kara, r\u00fczg\u00e2ra tam dayan\u0131mda \u00fcretilmektedir.<\/p>\n\n\n\n<ul class=\"wp-block-list\"><li>15 m2 tek par\u00e7a uygulanabilirlik<\/li><li>Dayan\u0131kl\u0131 ve uzun \u00f6m\u00fcrl\u00fc profil, aksesuar ve kuma\u015flar<\/li><li>Taklit edilemez teknolojisi sayesinde 130 km\/sa \u015fiddetinde r\u00fczg\u00e2ra dayan\u0131kl\u0131<\/li><li>%38 &#8211; %92 aras\u0131 enerji tasarrufu<\/li><li>Kapal\u0131 konumda iken toz, polen ve ha\u015ferelere kar\u015f\u0131 koruma<\/li><li>\u0130ste\u011fe ba\u011fl\u0131 olarak \u00e7e\u015fitli \u0131\u015f\u0131k ge\u00e7irgenli\u011fi ve renklere sahip geni\u015f kuma\u015f se\u00e7enekleri<\/li><li>\u00dcr\u00fcnler tek par\u00e7a halinde, kurulu halde ve montaja haz\u0131r halde g\u00f6nderilecektir.<\/li><li>Montaj\u0131 i\u00e7in gerekli t\u00fcm bilgiler sa\u011flanacakt\u0131r.<\/li><\/ul>\n\n\n\n<p><\/p>\n\n\n\n<p><\/p>\n\n\n\n<p><\/p>\n\n\n\n<div class=\"wp-block-columns is-layout-flex wp-container-core-columns-is-layout-9d6595d7 wp-block-columns-is-layout-flex\">\n<div class=\"wp-block-column is-layout-flow wp-block-column-is-layout-flow\" style=\"flex-basis:100%\">\n<div class=\"wp-block-group\"><div class=\"wp-block-group__inner-container is-layout-flow wp-block-group-is-layout-flow\">\n<div class=\"wp-block-columns is-layout-flex wp-container-core-columns-is-layout-9d6595d7 wp-block-columns-is-layout-flex\">\n<div class=\"wp-block-column is-layout-flow wp-block-column-is-layout-flow\" style=\"flex-basis:100%\">\n<div class=\"wp-block-group\"><div class=\"wp-block-group__inner-container is-layout-flow wp-block-group-is-layout-flow\">\n<figure class=\"wp-block-gallery columns-3 is-cropped wp-block-gallery-1 is-layout-flex wp-block-gallery-is-layout-flex\"><ul class=\"blocks-gallery-grid\"><li class=\"blocks-gallery-item\"><figure><img loading=\"lazy\" decoding=\"async\" width=\"300\" height=\"169\" src=\"https:\/\/balkis.com.tr\/wp-content\/uploads\/2021\/08\/WhatsApp-Image-2021-08-25-at-11.41.44-300x169.jpeg\" alt=\"\" data-id=\"261\" data-link=\"https:\/\/balkis.com.tr\/?attachment_id=261\" class=\"wp-image-261\" srcset=\"https:\/\/balkis.com.tr\/wp-content\/uploads\/2021\/08\/WhatsApp-Image-2021-08-25-at-11.41.44-300x169.jpeg 300w, https:\/\/balkis.com.tr\/wp-content\/uploads\/2021\/08\/WhatsApp-Image-2021-08-25-at-11.41.44-1024x576.jpeg 1024w, https:\/\/balkis.com.tr\/wp-content\/uploads\/2021\/08\/WhatsApp-Image-2021-08-25-at-11.41.44-768x432.jpeg 768w, https:\/\/balkis.com.tr\/wp-content\/uploads\/2021\/08\/WhatsApp-Image-2021-08-25-at-11.41.44-1536x864.jpeg 1536w, https:\/\/balkis.com.tr\/wp-content\/uploads\/2021\/08\/WhatsApp-Image-2021-08-25-at-11.41.44.jpeg 1600w\" sizes=\"auto, (max-width: 300px) 100vw, 300px\" \/><figcaption class=\"blocks-gallery-item__caption\">Z\u0130p Perde<\/figcaption><\/figure><\/li><li class=\"blocks-gallery-item\"><figure><img loading=\"lazy\" decoding=\"async\" width=\"300\" height=\"163\" src=\"https:\/\/balkis.com.tr\/wp-content\/uploads\/2021\/08\/tavan-4-300x163.jpg\" alt=\"\" data-id=\"262\" data-link=\"https:\/\/balkis.com.tr\/?attachment_id=262\" class=\"wp-image-262\" srcset=\"https:\/\/balkis.com.tr\/wp-content\/uploads\/2021\/08\/tavan-4-300x163.jpg 300w, https:\/\/balkis.com.tr\/wp-content\/uploads\/2021\/08\/tavan-4-1024x556.jpg 1024w, https:\/\/balkis.com.tr\/wp-content\/uploads\/2021\/08\/tavan-4-768x417.jpg 768w, https:\/\/balkis.com.tr\/wp-content\/uploads\/2021\/08\/tavan-4.jpg 1052w\" sizes=\"auto, (max-width: 300px) 100vw, 300px\" \/><figcaption class=\"blocks-gallery-item__caption\">Tavan Zip Perde<\/figcaption><\/figure><\/li><li class=\"blocks-gallery-item\"><figure><img loading=\"lazy\" decoding=\"async\" width=\"300\" height=\"201\" src=\"https:\/\/balkis.com.tr\/wp-content\/uploads\/2021\/08\/tavan-2-300x201.jpg\" alt=\"\" data-id=\"264\" data-link=\"https:\/\/balkis.com.tr\/?attachment_id=264\" class=\"wp-image-264\" srcset=\"https:\/\/balkis.com.tr\/wp-content\/uploads\/2021\/08\/tavan-2-300x201.jpg 300w, https:\/\/balkis.com.tr\/wp-content\/uploads\/2021\/08\/tavan-2-768x514.jpg 768w, https:\/\/balkis.com.tr\/wp-content\/uploads\/2021\/08\/tavan-2-414x279.jpg 414w, https:\/\/balkis.com.tr\/wp-content\/uploads\/2021\/08\/tavan-2.jpg 947w\" sizes=\"auto, (max-width: 300px) 100vw, 300px\" \/><figcaption class=\"blocks-gallery-item__caption\">Tavan Zip Perde<\/figcaption><\/figure><\/li><li class=\"blocks-gallery-item\"><figure><img loading=\"lazy\" decoding=\"async\" width=\"300\" height=\"240\" src=\"https:\/\/balkis.com.tr\/wp-content\/uploads\/2021\/08\/5-300x240.jpg\" alt=\"\" data-id=\"265\" data-link=\"https:\/\/balkis.com.tr\/?attachment_id=265\" class=\"wp-image-265\" srcset=\"https:\/\/balkis.com.tr\/wp-content\/uploads\/2021\/08\/5-300x240.jpg 300w, https:\/\/balkis.com.tr\/wp-content\/uploads\/2021\/08\/5-768x614.jpg 768w, https:\/\/balkis.com.tr\/wp-content\/uploads\/2021\/08\/5-230x184.jpg 230w, https:\/\/balkis.com.tr\/wp-content\/uploads\/2021\/08\/5.jpg 892w\" sizes=\"auto, (max-width: 300px) 100vw, 300px\" \/><\/figure><\/li><li class=\"blocks-gallery-item\"><figure><img loading=\"lazy\" decoding=\"async\" width=\"300\" height=\"175\" src=\"https:\/\/balkis.com.tr\/wp-content\/uploads\/2021\/08\/tavan-1-300x175.jpg\" alt=\"\" data-id=\"263\" data-link=\"https:\/\/balkis.com.tr\/?attachment_id=263\" class=\"wp-image-263\" srcset=\"https:\/\/balkis.com.tr\/wp-content\/uploads\/2021\/08\/tavan-1-300x175.jpg 300w, https:\/\/balkis.com.tr\/wp-content\/uploads\/2021\/08\/tavan-1-1024x597.jpg 1024w, https:\/\/balkis.com.tr\/wp-content\/uploads\/2021\/08\/tavan-1-768x448.jpg 768w, https:\/\/balkis.com.tr\/wp-content\/uploads\/2021\/08\/tavan-1.jpg 1076w\" sizes=\"auto, (max-width: 300px) 100vw, 300px\" \/><\/figure><\/li><li class=\"blocks-gallery-item\"><figure><img loading=\"lazy\" decoding=\"async\" width=\"300\" height=\"188\" src=\"https:\/\/balkis.com.tr\/wp-content\/uploads\/2021\/08\/4-300x188.jpg\" alt=\"\" data-id=\"266\" data-full-url=\"https:\/\/balkis.com.tr\/wp-content\/uploads\/2021\/08\/4.jpg\" data-link=\"https:\/\/balkis.com.tr\/?attachment_id=266\" class=\"wp-image-266\" srcset=\"https:\/\/balkis.com.tr\/wp-content\/uploads\/2021\/08\/4-300x188.jpg 300w, https:\/\/balkis.com.tr\/wp-content\/uploads\/2021\/08\/4-1024x643.jpg 1024w, https:\/\/balkis.com.tr\/wp-content\/uploads\/2021\/08\/4-768x482.jpg 768w, https:\/\/balkis.com.tr\/wp-content\/uploads\/2021\/08\/4.jpg 1055w\" sizes=\"auto, (max-width: 300px) 100vw, 300px\" \/><\/figure><\/li><\/ul><\/figure>\n<\/div><\/div>\n<\/div>\n<\/div>\n<\/div><\/div>\n<\/div>\n<\/div>\n","protected":false},"excerpt":{"rendered":"<p>Zip Perde Sistemi Yeni nesil g\u00fcne\u015f k\u0131r\u0131c\u0131 perde olarak adland\u0131rabilece\u011fimiz&nbsp;Zip perde&nbsp;sistemleri y\u00fcksek memnuniyet oran\u0131na sahip ve son zamanlarda kullan\u0131m\u0131 h\u0131zl\u0131 bir \u015fekilde artan yeni bir motorlu d\u0131\u015f perde modelidir.&nbsp;Klasik tente, cam gibi g\u00f6lgelendirme sistemlerinin yerine her alanda kullan\u0131m\u0131 m\u00fcmk\u00fcnd\u00fcr. Restoran,&#8230;<\/p>\n","protected":false},"author":1,"featured_media":261,"parent":0,"menu_order":0,"comment_status":"closed","ping_status":"closed","template":"","meta":{"footnotes":""},"class_list":["post-192","page","type-page","status-publish","has-post-thumbnail","hentry"],"yoast_head":"<!-- This site is optimized with the Yoast SEO plugin v27.4 - https:\/\/yoast.com\/product\/yoast-seo-wordpress\/ -->\n<title>Zip Perde - Albert Genau<\/title>\n<meta name=\"robots\" content=\"index, follow, max-snippet:-1, max-image-preview:large, max-video-preview:-1\" \/>\n<link rel=\"canonical\" href=\"https:\/\/balkis.com.tr\/?page_id=192\" \/>\n<meta property=\"og:locale\" content=\"tr_TR\" \/>\n<meta property=\"og:type\" content=\"article\" \/>\n<meta property=\"og:title\" content=\"Zip Perde - Albert Genau\" \/>\n<meta property=\"og:description\" content=\"Zip Perde Sistemi Yeni nesil g\u00fcne\u015f k\u0131r\u0131c\u0131 perde olarak adland\u0131rabilece\u011fimiz&nbsp;Zip perde&nbsp;sistemleri y\u00fcksek memnuniyet oran\u0131na sahip ve son zamanlarda kullan\u0131m\u0131 h\u0131zl\u0131 bir \u015fekilde artan yeni bir motorlu d\u0131\u015f perde modelidir.&nbsp;Klasik tente, cam gibi g\u00f6lgelendirme sistemlerinin yerine her alanda kullan\u0131m\u0131 m\u00fcmk\u00fcnd\u00fcr. Restoran,...\" \/>\n<meta property=\"og:url\" content=\"https:\/\/balkis.com.tr\/?page_id=192\" \/>\n<meta property=\"og:site_name\" content=\"Albert Genau\" \/>\n<meta property=\"article:publisher\" content=\"https:\/\/www.facebook.com\/balkispen\" \/>\n<meta property=\"article:modified_time\" content=\"2021-08-25T09:20:12+00:00\" \/>\n<meta property=\"og:image\" content=\"https:\/\/balkis.com.tr\/wp-content\/uploads\/2021\/08\/WhatsApp-Image-2021-08-25-at-11.41.44.jpeg\" \/>\n\t<meta property=\"og:image:width\" content=\"1600\" \/>\n\t<meta property=\"og:image:height\" content=\"900\" \/>\n\t<meta property=\"og:image:type\" content=\"image\/jpeg\" \/>\n<meta name=\"twitter:card\" content=\"summary_large_image\" \/>\n<meta name=\"twitter:site\" content=\"@balkispen\" \/>\n<meta name=\"twitter:label1\" content=\"Tahmini okuma s\u00fcresi\" \/>\n\t<meta name=\"twitter:data1\" content=\"2 dakika\" \/>\n<script type=\"application\/ld+json\" class=\"yoast-schema-graph\">{\"@context\":\"https:\\\/\\\/schema.org\",\"@graph\":[{\"@type\":\"WebPage\",\"@id\":\"https:\\\/\\\/balkis.com.tr\\\/?page_id=192\",\"url\":\"https:\\\/\\\/balkis.com.tr\\\/?page_id=192\",\"name\":\"Zip Perde - Albert Genau\",\"isPartOf\":{\"@id\":\"https:\\\/\\\/balkis.com.tr\\\/#website\"},\"primaryImageOfPage\":{\"@id\":\"https:\\\/\\\/balkis.com.tr\\\/?page_id=192#primaryimage\"},\"image\":{\"@id\":\"https:\\\/\\\/balkis.com.tr\\\/?page_id=192#primaryimage\"},\"thumbnailUrl\":\"https:\\\/\\\/balkis.com.tr\\\/wp-content\\\/uploads\\\/2021\\\/08\\\/WhatsApp-Image-2021-08-25-at-11.41.44.jpeg\",\"datePublished\":\"2021-08-25T08:47:50+00:00\",\"dateModified\":\"2021-08-25T09:20:12+00:00\",\"breadcrumb\":{\"@id\":\"https:\\\/\\\/balkis.com.tr\\\/?page_id=192#breadcrumb\"},\"inLanguage\":\"tr\",\"potentialAction\":[{\"@type\":\"ReadAction\",\"target\":[\"https:\\\/\\\/balkis.com.tr\\\/?page_id=192\"]}]},{\"@type\":\"ImageObject\",\"inLanguage\":\"tr\",\"@id\":\"https:\\\/\\\/balkis.com.tr\\\/?page_id=192#primaryimage\",\"url\":\"https:\\\/\\\/balkis.com.tr\\\/wp-content\\\/uploads\\\/2021\\\/08\\\/WhatsApp-Image-2021-08-25-at-11.41.44.jpeg\",\"contentUrl\":\"https:\\\/\\\/balkis.com.tr\\\/wp-content\\\/uploads\\\/2021\\\/08\\\/WhatsApp-Image-2021-08-25-at-11.41.44.jpeg\",\"width\":1600,\"height\":900},{\"@type\":\"BreadcrumbList\",\"@id\":\"https:\\\/\\\/balkis.com.tr\\\/?page_id=192#breadcrumb\",\"itemListElement\":[{\"@type\":\"ListItem\",\"position\":1,\"name\":\"Ana sayfa\",\"item\":\"https:\\\/\\\/balkis.com.tr\\\/\"},{\"@type\":\"ListItem\",\"position\":2,\"name\":\"Zip Perde\"}]},{\"@type\":\"WebSite\",\"@id\":\"https:\\\/\\\/balkis.com.tr\\\/#website\",\"url\":\"https:\\\/\\\/balkis.com.tr\\\/\",\"name\":\"Albert Genau\",\"description\":\"Kaliteyi deneyimimizle birle\u015ftirdik...\",\"publisher\":{\"@id\":\"https:\\\/\\\/balkis.com.tr\\\/#organization\"},\"potentialAction\":[{\"@type\":\"SearchAction\",\"target\":{\"@type\":\"EntryPoint\",\"urlTemplate\":\"https:\\\/\\\/balkis.com.tr\\\/?s={search_term_string}\"},\"query-input\":{\"@type\":\"PropertyValueSpecification\",\"valueRequired\":true,\"valueName\":\"search_term_string\"}}],\"inLanguage\":\"tr\"},{\"@type\":\"Organization\",\"@id\":\"https:\\\/\\\/balkis.com.tr\\\/#organization\",\"name\":\"Balk\u0131\u015f Karde\u015fler Plastik Do\u011frama ve \u0130n\u015f.San.Tic.Ltd.\u015eti.\",\"url\":\"https:\\\/\\\/balkis.com.tr\\\/\",\"logo\":{\"@type\":\"ImageObject\",\"inLanguage\":\"tr\",\"@id\":\"https:\\\/\\\/balkis.com.tr\\\/#\\\/schema\\\/logo\\\/image\\\/\",\"url\":\"https:\\\/\\\/balkis.com.tr\\\/wp-content\\\/uploads\\\/2017\\\/10\\\/cropped-balkispen-1.png\",\"contentUrl\":\"https:\\\/\\\/balkis.com.tr\\\/wp-content\\\/uploads\\\/2017\\\/10\\\/cropped-balkispen-1.png\",\"width\":1657,\"height\":480,\"caption\":\"Balk\u0131\u015f Karde\u015fler Plastik Do\u011frama ve \u0130n\u015f.San.Tic.Ltd.\u015eti.\"},\"image\":{\"@id\":\"https:\\\/\\\/balkis.com.tr\\\/#\\\/schema\\\/logo\\\/image\\\/\"},\"sameAs\":[\"https:\\\/\\\/www.facebook.com\\\/balkispen\",\"https:\\\/\\\/x.com\\\/balkispen\",\"https:\\\/\\\/www.instagram.com\\\/balkispen_winsa_albertgenau\\\/\"]}]}<\/script>\n<!-- \/ Yoast SEO plugin. -->","yoast_head_json":{"title":"Zip Perde - Albert Genau","robots":{"index":"index","follow":"follow","max-snippet":"max-snippet:-1","max-image-preview":"max-image-preview:large","max-video-preview":"max-video-preview:-1"},"canonical":"https:\/\/balkis.com.tr\/?page_id=192","og_locale":"tr_TR","og_type":"article","og_title":"Zip Perde - Albert Genau","og_description":"Zip Perde Sistemi Yeni nesil g\u00fcne\u015f k\u0131r\u0131c\u0131 perde olarak adland\u0131rabilece\u011fimiz&nbsp;Zip perde&nbsp;sistemleri y\u00fcksek memnuniyet oran\u0131na sahip ve son zamanlarda kullan\u0131m\u0131 h\u0131zl\u0131 bir \u015fekilde artan yeni bir motorlu d\u0131\u015f perde modelidir.&nbsp;Klasik tente, cam gibi g\u00f6lgelendirme sistemlerinin yerine her alanda kullan\u0131m\u0131 m\u00fcmk\u00fcnd\u00fcr. Restoran,...","og_url":"https:\/\/balkis.com.tr\/?page_id=192","og_site_name":"Albert Genau","article_publisher":"https:\/\/www.facebook.com\/balkispen","article_modified_time":"2021-08-25T09:20:12+00:00","og_image":[{"width":1600,"height":900,"url":"https:\/\/balkis.com.tr\/wp-content\/uploads\/2021\/08\/WhatsApp-Image-2021-08-25-at-11.41.44.jpeg","type":"image\/jpeg"}],"twitter_card":"summary_large_image","twitter_site":"@balkispen","twitter_misc":{"Tahmini okuma s\u00fcresi":"2 dakika"},"schema":{"@context":"https:\/\/schema.org","@graph":[{"@type":"WebPage","@id":"https:\/\/balkis.com.tr\/?page_id=192","url":"https:\/\/balkis.com.tr\/?page_id=192","name":"Zip Perde - Albert Genau","isPartOf":{"@id":"https:\/\/balkis.com.tr\/#website"},"primaryImageOfPage":{"@id":"https:\/\/balkis.com.tr\/?page_id=192#primaryimage"},"image":{"@id":"https:\/\/balkis.com.tr\/?page_id=192#primaryimage"},"thumbnailUrl":"https:\/\/balkis.com.tr\/wp-content\/uploads\/2021\/08\/WhatsApp-Image-2021-08-25-at-11.41.44.jpeg","datePublished":"2021-08-25T08:47:50+00:00","dateModified":"2021-08-25T09:20:12+00:00","breadcrumb":{"@id":"https:\/\/balkis.com.tr\/?page_id=192#breadcrumb"},"inLanguage":"tr","potentialAction":[{"@type":"ReadAction","target":["https:\/\/balkis.com.tr\/?page_id=192"]}]},{"@type":"ImageObject","inLanguage":"tr","@id":"https:\/\/balkis.com.tr\/?page_id=192#primaryimage","url":"https:\/\/balkis.com.tr\/wp-content\/uploads\/2021\/08\/WhatsApp-Image-2021-08-25-at-11.41.44.jpeg","contentUrl":"https:\/\/balkis.com.tr\/wp-content\/uploads\/2021\/08\/WhatsApp-Image-2021-08-25-at-11.41.44.jpeg","width":1600,"height":900},{"@type":"BreadcrumbList","@id":"https:\/\/balkis.com.tr\/?page_id=192#breadcrumb","itemListElement":[{"@type":"ListItem","position":1,"name":"Ana sayfa","item":"https:\/\/balkis.com.tr\/"},{"@type":"ListItem","position":2,"name":"Zip Perde"}]},{"@type":"WebSite","@id":"https:\/\/balkis.com.tr\/#website","url":"https:\/\/balkis.com.tr\/","name":"Albert Genau","description":"Kaliteyi deneyimimizle birle\u015ftirdik...","publisher":{"@id":"https:\/\/balkis.com.tr\/#organization"},"potentialAction":[{"@type":"SearchAction","target":{"@type":"EntryPoint","urlTemplate":"https:\/\/balkis.com.tr\/?s={search_term_string}"},"query-input":{"@type":"PropertyValueSpecification","valueRequired":true,"valueName":"search_term_string"}}],"inLanguage":"tr"},{"@type":"Organization","@id":"https:\/\/balkis.com.tr\/#organization","name":"Balk\u0131\u015f Karde\u015fler Plastik Do\u011frama ve \u0130n\u015f.San.Tic.Ltd.\u015eti.","url":"https:\/\/balkis.com.tr\/","logo":{"@type":"ImageObject","inLanguage":"tr","@id":"https:\/\/balkis.com.tr\/#\/schema\/logo\/image\/","url":"https:\/\/balkis.com.tr\/wp-content\/uploads\/2017\/10\/cropped-balkispen-1.png","contentUrl":"https:\/\/balkis.com.tr\/wp-content\/uploads\/2017\/10\/cropped-balkispen-1.png","width":1657,"height":480,"caption":"Balk\u0131\u015f Karde\u015fler Plastik Do\u011frama ve \u0130n\u015f.San.Tic.Ltd.\u015eti."},"image":{"@id":"https:\/\/balkis.com.tr\/#\/schema\/logo\/image\/"},"sameAs":["https:\/\/www.facebook.com\/balkispen","https:\/\/x.com\/balkispen","https:\/\/www.instagram.com\/balkispen_winsa_albertgenau\/"]}]}},"_links":{"self":[{"href":"https:\/\/balkis.com.tr\/index.php?rest_route=\/wp\/v2\/pages\/192","targetHints":{"allow":["GET"]}}],"collection":[{"href":"https:\/\/balkis.com.tr\/index.php?rest_route=\/wp\/v2\/pages"}],"about":[{"href":"https:\/\/balkis.com.tr\/index.php?rest_route=\/wp\/v2\/types\/page"}],"author":[{"embeddable":true,"href":"https:\/\/balkis.com.tr\/index.php?rest_route=\/wp\/v2\/users\/1"}],"replies":[{"embeddable":true,"href":"https:\/\/balkis.com.tr\/index.php?rest_route=%2Fwp%2Fv2%2Fcomments&post=192"}],"version-history":[{"count":7,"href":"https:\/\/balkis.com.tr\/index.php?rest_route=\/wp\/v2\/pages\/192\/revisions"}],"predecessor-version":[{"id":276,"href":"https:\/\/balkis.com.tr\/index.php?rest_route=\/wp\/v2\/pages\/192\/revisions\/276"}],"wp:featuredmedia":[{"embeddable":true,"href":"https:\/\/balkis.com.tr\/index.php?rest_route=\/wp\/v2\/media\/261"}],"wp:attachment":[{"href":"https:\/\/balkis.com.tr\/index.php?rest_route=%2Fwp%2Fv2%2Fmedia&parent=192"}],"curies":[{"name":"wp","href":"https:\/\/api.w.org\/{rel}","templated":true}]}}