{"id":144,"date":"2018-01-29T09:28:21","date_gmt":"2018-01-29T09:28:21","guid":{"rendered":"http:\/\/balkis.com.tr\/?page_id=144"},"modified":"2026-04-04T22:30:41","modified_gmt":"2026-04-04T22:30:41","slug":"balkispen-3","status":"publish","type":"page","link":"https:\/\/balkis.com.tr\/?page_id=144","title":{"rendered":"Kampanyalar"},"content":{"rendered":"<p><img loading=\"lazy\" decoding=\"async\" src=\"https:\/\/balkis.com.tr\/wp-content\/uploads\/2018\/01\/albert-genau-logo-300x80.jpg\" class=\"alignnone size-medium wp-image-103\" width=\"300\" height=\"80\" alt=\"\" srcset=\"https:\/\/balkis.com.tr\/wp-content\/uploads\/2018\/01\/albert-genau-logo-300x80.jpg 300w, https:\/\/balkis.com.tr\/wp-content\/uploads\/2018\/01\/albert-genau-logo.jpg 448w\" sizes=\"auto, (max-width: 300px) 100vw, 300px\" \/> Cam Balkonun Ad\u0131 Soyad\u0131<\/p>\n<p>Yak\u0131t masraflar\u0131n\u0131 d\u00fc\u015f\u00fcrmenin ve g\u00fczel bir k\u0131\u015f ge\u00e7irmeniz i\u00e7in<\/p>\n<p>size \u00f6zel fiyatlar ve \u00f6deme se\u00e7enekleri i\u00e7in hemen bizi aray\u0131n.<\/p>\n<p>&#8211; Albert Genau katlan\u0131r, s\u00fcrme ve Tam Balkon (giyotin) sistemleriyle evinizin ve i\u015f yerinize en uygun sistemleri sizinle bulu\u015fturuyoruz.<\/p>\n<p>&#8211; 33 y\u0131ll\u0131k sekt\u00f6r deneyimiyle pvc pencere, Al\u00fcminyum do\u011frama ve panjur sistemleri \u00fcretip montaj yapmaktay\u0131z.<\/p>\n<p>&#8211; Zip perde sistemleriyle g\u00f6lgelendirme, sinek ve b\u00f6ceklerden koruman\u0131z\u0131 sa\u011fl\u0131yoruz.<\/p>\n<p><strong>Detayl\u0131 Bilgi \u0130\u00e7in Bizimle \u0130leti\u015fime Ge\u00e7ebilirsiniz.<br \/>\n<em><br \/>\n<\/em><\/strong><\/p>\n<p><span style=\"font-size: medium\">&#8211; 10.000,00 TL ve \u00dczeri Al\u0131\u015fveri\u015flerinizi 2-6 aya varan taksit yap\u0131yoruz.<\/span><\/p>\n<p><span style=\"font-size: medium\">&#8211; %10 <\/span>komisyon<span style=\"font-size: medium\"> ekleyerek 1<\/span>2 taksit<span style=\"font-size: medium\"> <\/span>yapabilirsiniz<span style=\"font-size: medium\">.<\/span><\/p>\n<p><span style=\"font-size: medium\"><\/span><\/p>\n<ul>\n<li>B\u00fct\u00fcn Kredi Kartlar\u0131 Ge\u00e7erlidir.<\/li>\n<\/ul>\n<p><img loading=\"lazy\" decoding=\"async\" src=\"https:\/\/balkis.com.tr\/wp-content\/uploads\/2022\/01\/paynet.jpg\" class=\"alignnone size-full wp-image-308\" alt=\"\" width=\"300\" height=\"149\"><\/p>\n<p><strong>&nbsp;<\/strong><\/p>\n<div><strong>Ge\u00e7erlilik Tarihi : 30.04.2026<br \/>\n<\/strong><img loading=\"lazy\" decoding=\"async\" src=\"data:image\/jpeg;base64,\/9j\/4AAQSkZJRgABAQAAAQABAAD\/2wCEAAkGBhQSEBMQDxMUEhAVEhkVGRETFBQUFRcQFxcWFBUVGBUXJyYfFx0vGhQWIC8gJScpODAsFx49NTArNSYrLCkBCQoKDgwOGg8PGjQkHCQsNikuKTUvMC0yKTAsLy00LC8pKjAvLCw0LykpKS8tLCksLCwsLCwpLCwqLC0pLCwpLP\/AABEIAFkAzAMBIgACEQEDEQH\/xAAcAAEAAQUBAQAAAAAAAAAAAAAABwECBAUGAwj\/xABCEAABAwICBQcKAggHAAAAAAABAAIDBBESIQUGBxMxIkFRYXGBkRQXIzJTkqGxwdFUYiRDRFKCorLwNEJjdIOTo\/\/EABkBAQEAAwEAAAAAAAAAAAAAAAADAQIEBf\/EACURAAIBAwQCAgMBAAAAAAAAAAABAgMREgQUIVETMUHwMmGBM\/\/aAAwDAQACEQMRAD8AnFERAEREAREQBERAEWo1k1ohood7UE5mzWNze93Q0fXmUZV23SUOO6p4ms\/O9zneLbBVhRnPlIpGnKSuiZEUJt271B\/UU\/jJ916jbbU+wg8ZPuqbWp0bKjN+iZ0UM+eyp9hB4yfdPPZU+wg8ZPum1qdGdvU6JmRQ157Kn2EHjJ91Tz2VPsIPGT7ptanQ29Toma6KN9XdskUrxHWR7gnIStdijv8AmuLs7c+1SO118wozpyg7SROUJQdmVREWhoEREAREQBERAEREAREQBERAEREB897S9NOn0hNc8iJxhYOgM9bxdc+CxdUtEROjNRK0TTFx3cDgXNEbTZ0jmjN5vlh6M1lbTNCOg0hNcHBM7esdzEO9YX6Q6\/wWq1Z0jGzkvkdDMw4opW2tjviF79dxboPPYg+xH\/NYndNJ00vix2NXqpE+5qImRvdYNhjYGAdN3i+FwHcLZ9C4ih0C99RPTxua50LZH3JIxxxjES3Ljhzsuyqtc45AJKjDHuw07sWcJHtJdgY0crCSSeVkFyOhdYHR1\/lxZe8jnOiByMbgWllz+UrEM7PsxGDi7xVv0Z8WpdQ4UpGACqvgu71QG47yfu8jldivh1Imc0ESQ710RmZTl5Er4Rc42i1hcC4BNyFlu19OCraIrb4+hOL\/AA7N15OWjp9EA3xVGa7NGCcU\/wCnMp\/J2zbw7sNDSwSbq18eE242Wb1S16hfoDUw+UURqXQuiqC1whxEyPic0knCByQLZknsusXR2qwkInfLFT07qoxRCTG4yOD\/AFGtaCbAWGI5K+n1xayspKrdEtpqdkIZiF3FjHNxX4DN17K3ROtkbIYYaqnM3k8xmieyXdkOJDi12RDm4gCsPyff6Hn7+\/Ji67wMZpGqZE1rI2y4QxosBZrb2HbdSrsh006ahMUhu6B+7BPHdkBzB3XI7lDWl9ImoqJagjCZZC\/De9r52vzqZtkOhnQ0JkkFnTv3gB47sANYe+xPep6hJUkn74J11amr+zuURF5hwBERAEREAREQBERAEREAREQBERAarWHVqGti3VQ244tcMnMd0tdzKNK7YU8uO6qWFn+pGQ7vwmxUwIqwqzhwmbxqSjwiFW7BZh+0Q+49e42H1H4iH3XqY0VN1U7N1WkvRDnmQqPxMPuvTzIVH4mH3XqY0TdVOzO4qdkOeZCo\/Ew+69PMhUfiYfdepjRN1U7G4qdkc6u7HIoniSrk8oINxGG4Y79LuJd2ZDtUiNbbIcFcijOcpu8mTlOU3dhERaGgREQBERAEREAREQBERAEUSaV2nVsNRNA5sN45XM9R2YB5J487S096tk2tzike4iIVG\/hYzkmxjfixnDfOwZ\/MF07adrl\/BK1yXUUNRbWazEC4RFt8xgPC+fOsZm12seZHMMYj3rwwGMXEYcQ29+JtZZ2tS9jbbTvYm5FG+r+0WXySoqqwNe2N7I42sbhL5XAuIJva1i0+K0VVtVrHG7N1EOhrMXxf9gsLTTbaNVp5ttEyooTj2m1oN9613UY2fQLqtG7RXz0VY6zY6qCndI0gXaQAbOwnoNrjrCxLTTjyJaeUVckJFBzdpleQPTDh7Nn2VRtMrx+uHfGz7LfaT\/RvtZdk4Io21K2kTT1LKaqDDvLhsjBhIcATYjgQbFajTe0SsZVTxskaGMmexo3bDyWkgZkZrVaaeWJp4JZYkwItBqPpWSpoYp5yHSOL7kANyD3NGQ6gtnpmsMNPNM0Aujie8A8CWtJAPeFBxaliScbOxmIoYfterDwbA3+Bx+bl5ediu6Yv+sLp2lQvtZk2IohoNr1QD6Vkbx0AFpI6iOHgpN0DpplXAyoivhcOB4tcMnNPWCo1KM6f5E50pQ5ZsURFIkEREAREQBEVr3gcUBDW1nR27rxKBZs0IdfmMkZwO\/lMfiuGmhxFh\/dfi+BH1UubWzFJSNcHjewyhwHOWO5Dx8Qf4VEuMdI8QvY00sqaXR6enllTt0XY87c\/Hu\/sKyGLCLDpJ8ST9Vc+k5UckeNxcx7XgNJa3C68ZBHSCe9ezKGR2TY5Cepjj9FZSTLKSZ1mlqIx6Doza28qnSHvbIG37gFpdU6qOPSVG6dzWw7xwc55AYHGNwZiJyHKPPzqQNMNNTQNo46SoGBrMDy1os9gABsTmDnftXDO1KrR+yy9wBC5KdSM4uLdr3OWFSM4tN2Oz2qSU7oIXROhdKJbejLC7AWOvfDzXAXGatgltfbgNGz3\/wDOytbqTWDhSSDsaAt\/ovRclNQ1jH00xqKiF0YdZuFrcJDW5G\/EknuTKFOnjlcOUYQxvc4WI8kdgWy1q1kqNIiFlQ2CKOJ+8AgDsTnWw5l3AWv4rBjpJMIBjfe1rYHcbWss2u0O8SHyeCoMBzbvGFz29LSR6w6HdHFXn43JZFp4NrI3mzXRL5a+OUNO7hu9z+YOsQ1t+c3PDqWm1iP6bVf7mX+sro9SdO1lGd2aaeWncb4N28Fjj\/maSPELVaU1bq5Z5pW0swEkr3gYb5OcSOHatFNeRuTVrccmqmvI23xY7nZ9rXSw0EUM0wZK0vu0h2V5HEZ2twIW505rFTz0dWyCZkjxSyOLQTfDhIvbtIURP1Xqxxpp\/ccsnQlNLT+VGaCZoko5Imkxu9dxaR8ioTo075KXySnTp\/knyctVvIjeQbENJv1rvNTNVYKjQTquZpNSGzuEoc4H0ZdhBF8JHJtwXEPaODgOsH7FIeSLMJaOhrnBufHkg2+C66kJSti7HROEpWxZVS3sSkJoJb8BVPA7MEZ+d1FNPSPldghYXvPBot8ScgOsqc9n2r4oqFkBc10hJe8tNxvHG5APOALDuUNZJY4\/JHVSWNjpkRF5Z54REQBERAFQhVRAeEtDG7J7GuH5mg\/NeDNBU7fVghHZEwfRZyIDyZSsGTWtHYAF6BqqiAWVLKqIBZUsqogKWSyqiApZLKqIClkLQeKqiAx5dHxu9eNju1jT8wsOTVekd61NAf8AiZ9ltEWbg1LNU6QerTxDsaB8lnw0TGZMaGjqXuiwAiIgCIiA\/9k=\" id=\"rg_hi\" class=\"rg_hi\" alt=\"\" width=\"120\" height=\"52\" data-height=\"89\" data-width=\"204\">&nbsp;&nbsp; &nbsp;<img loading=\"lazy\" decoding=\"async\" src=\"https:\/\/balkis.com.tr\/wp-content\/uploads\/2024\/06\/image.jpg\" class=\"alignnone wp-image-559\" alt=\"\" width=\"653\" height=\"248\"><\/div>\n<div><\/div>\n<div><\/div>\n<div>&nbsp;<a href=\"https:\/\/balkis.com.tr\/?page_id=92\">Pencere<\/a>&nbsp;|<a href=\"https:\/\/balkis.com.tr\/?page_id=92\">&nbsp;Pvcpencere&nbsp;<\/a>| <a href=\"https:\/\/balkis.com.tr\/?page_id=92\">Pencere fiyatlar\u0131<\/a>&nbsp;|&nbsp;<a href=\"http:\/\/www.balkispen.com\">Pencere fiyat&nbsp;<\/a>|&nbsp;<a href=\"http:\/\/www.balkispen.com\">Ah\u015fap pencere<\/a>&nbsp;|&nbsp;<a href=\"http:\/\/www.balkispen.com\">Do\u011frama fiyatlar\u0131&nbsp;<\/a>| <a href=\"https:\/\/balkis.com.tr\">Tiara Twinmax | Tam Balkon | Cam Balkon | Hebeschiebe | K\u0131\u015f Bah\u00e7esi | Pergola | Slidemaster | Zip Perde | G\u00f6lgelendirme&nbsp;<\/a><\/p>\n<div>\n<div>\n<div>\n<div>\n<div>\n<div>\n<div>\n<div>\n<div>\n<div>\n<div>\n<div>\n<div>\n<div>\n<div>\n<div>\n<div>\n<div>\n<div>\n<div>\n<div>\n<div>\n<div>\n<div>\n<div>\n<div>\n<div>\n<div>\n<div>\n<div>\n<div>\n<div>\n<div>\n<div>\n<div>\n<div>\n<div>\n<div>\n<div>\n<div>\n<div>\n<div>\n<div>\n<div>\n<div>\n<div>\n<div>\n<div>\n<div>\n<p><a href=\"https:\/\/balkis.com.tr\/?page_id=92\">Pvc Do\u011frama<\/a>&nbsp;|&nbsp;<a href=\"http:\/\/www.balkis.com.tr\">Katlan\u0131r cam balkon<\/a>&nbsp;|<a href=\"http:\/\/www.balkis.com.tr\">&nbsp;Albert Genau<\/a>&nbsp;|&nbsp;<a href=\"http:\/\/www.balkis.com.tr\">Cam balkon<\/a>&nbsp;|&nbsp;<a href=\"http:\/\/www.balkis.com.tr\">CMMS Katlan\u0131r cam sistemleri<\/a> | <a href=\"http:\/\/www.balkispen.com\">Hebeschiebe<\/a><\/p>\n<\/div>\n<\/div>\n<\/div>\n<\/div>\n<\/div>\n<\/div>\n<\/div>\n<\/div>\n<\/div>\n<\/div>\n<\/div>\n<\/div>\n<\/div>\n<\/div>\n<\/div>\n<\/div>\n<\/div>\n<\/div>\n<\/div>\n<\/div>\n<\/div>\n<\/div>\n<\/div>\n<\/div>\n<\/div>\n<\/div>\n<\/div>\n<\/div>\n<\/div>\n<\/div>\n<\/div>\n<\/div>\n<\/div>\n<\/div>\n<\/div>\n<\/div>\n<\/div>\n<\/div>\n<\/div>\n<\/div>\n<\/div>\n<\/div>\n<\/div>\n<\/div>\n<\/div>\n<\/div>\n<\/div>\n<\/div>\n<\/div>\n<\/div>\n","protected":false},"excerpt":{"rendered":"<p>Cam Balkonun Ad\u0131 Soyad\u0131 Yak\u0131t masraflar\u0131n\u0131 d\u00fc\u015f\u00fcrmenin ve g\u00fczel bir k\u0131\u015f ge\u00e7irmeniz i\u00e7in size \u00f6zel fiyatlar ve \u00f6deme se\u00e7enekleri i\u00e7in hemen bizi aray\u0131n. &#8211; Albert Genau katlan\u0131r, s\u00fcrme ve Tam Balkon (giyotin) sistemleriyle evinizin ve i\u015f yerinize en uygun sistemleri&#8230;<\/p>\n","protected":false},"author":1,"featured_media":0,"parent":0,"menu_order":0,"comment_status":"closed","ping_status":"closed","template":"","meta":{"footnotes":""},"class_list":["post-144","page","type-page","status-publish","hentry"],"yoast_head":"<!-- This site is optimized with the Yoast SEO plugin v27.4 - https:\/\/yoast.com\/product\/yoast-seo-wordpress\/ -->\n<title>Kampanyalar - Albert Genau<\/title>\n<meta name=\"description\" content=\"Albert Genau Sistemleri ve Winsa Pencere Sistemleri ii\u00e7in hemen aray\u0131n ve sizde kaliteli \u00fcr\u00fcn ve kusursuz hizmetlerden yararlan\u0131n...\" \/>\n<meta name=\"robots\" content=\"index, follow, max-snippet:-1, max-image-preview:large, max-video-preview:-1\" \/>\n<link rel=\"canonical\" href=\"https:\/\/balkis.com.tr\/?page_id=144\" \/>\n<meta property=\"og:locale\" content=\"tr_TR\" \/>\n<meta property=\"og:type\" content=\"article\" \/>\n<meta property=\"og:title\" content=\"Kampanyalar - Albert Genau\" \/>\n<meta property=\"og:description\" content=\"Albert Genau Sistemleri ve Winsa Pencere Sistemleri ii\u00e7in hemen aray\u0131n ve sizde kaliteli \u00fcr\u00fcn ve kusursuz hizmetlerden yararlan\u0131n...\" \/>\n<meta property=\"og:url\" content=\"https:\/\/balkis.com.tr\/?page_id=144\" \/>\n<meta property=\"og:site_name\" content=\"Albert Genau\" \/>\n<meta property=\"article:publisher\" content=\"https:\/\/www.facebook.com\/balkispen\" \/>\n<meta property=\"article:modified_time\" content=\"2026-04-04T22:30:41+00:00\" \/>\n<meta property=\"og:image\" content=\"https:\/\/balkis.com.tr\/wp-content\/uploads\/2018\/01\/albert-genau-logo.jpg\" \/>\n\t<meta property=\"og:image:width\" content=\"448\" \/>\n\t<meta property=\"og:image:height\" content=\"119\" \/>\n\t<meta property=\"og:image:type\" content=\"image\/jpeg\" \/>\n<meta name=\"twitter:card\" content=\"summary_large_image\" \/>\n<meta name=\"twitter:site\" content=\"@balkispen\" \/>\n<meta name=\"twitter:label1\" content=\"Tahmini okuma s\u00fcresi\" \/>\n\t<meta name=\"twitter:data1\" content=\"2 dakika\" \/>\n<script type=\"application\/ld+json\" class=\"yoast-schema-graph\">{\"@context\":\"https:\\\/\\\/schema.org\",\"@graph\":[{\"@type\":\"WebPage\",\"@id\":\"https:\\\/\\\/balkis.com.tr\\\/?page_id=144\",\"url\":\"https:\\\/\\\/balkis.com.tr\\\/?page_id=144\",\"name\":\"Kampanyalar - Albert Genau\",\"isPartOf\":{\"@id\":\"https:\\\/\\\/balkis.com.tr\\\/#website\"},\"primaryImageOfPage\":{\"@id\":\"https:\\\/\\\/balkis.com.tr\\\/?page_id=144#primaryimage\"},\"image\":{\"@id\":\"https:\\\/\\\/balkis.com.tr\\\/?page_id=144#primaryimage\"},\"thumbnailUrl\":\"https:\\\/\\\/balkis.com.tr\\\/wp-content\\\/uploads\\\/2018\\\/01\\\/albert-genau-logo-300x80.jpg\",\"datePublished\":\"2018-01-29T09:28:21+00:00\",\"dateModified\":\"2026-04-04T22:30:41+00:00\",\"description\":\"Albert Genau Sistemleri ve Winsa Pencere Sistemleri ii\u00e7in hemen aray\u0131n ve sizde kaliteli \u00fcr\u00fcn ve kusursuz hizmetlerden yararlan\u0131n...\",\"breadcrumb\":{\"@id\":\"https:\\\/\\\/balkis.com.tr\\\/?page_id=144#breadcrumb\"},\"inLanguage\":\"tr\",\"potentialAction\":[{\"@type\":\"ReadAction\",\"target\":[\"https:\\\/\\\/balkis.com.tr\\\/?page_id=144\"]}]},{\"@type\":\"ImageObject\",\"inLanguage\":\"tr\",\"@id\":\"https:\\\/\\\/balkis.com.tr\\\/?page_id=144#primaryimage\",\"url\":\"https:\\\/\\\/balkis.com.tr\\\/wp-content\\\/uploads\\\/2018\\\/01\\\/albert-genau-logo.jpg\",\"contentUrl\":\"https:\\\/\\\/balkis.com.tr\\\/wp-content\\\/uploads\\\/2018\\\/01\\\/albert-genau-logo.jpg\",\"width\":448,\"height\":119},{\"@type\":\"BreadcrumbList\",\"@id\":\"https:\\\/\\\/balkis.com.tr\\\/?page_id=144#breadcrumb\",\"itemListElement\":[{\"@type\":\"ListItem\",\"position\":1,\"name\":\"Ana sayfa\",\"item\":\"https:\\\/\\\/balkis.com.tr\\\/\"},{\"@type\":\"ListItem\",\"position\":2,\"name\":\"Kampanyalar\"}]},{\"@type\":\"WebSite\",\"@id\":\"https:\\\/\\\/balkis.com.tr\\\/#website\",\"url\":\"https:\\\/\\\/balkis.com.tr\\\/\",\"name\":\"Albert Genau\",\"description\":\"Kaliteyi deneyimimizle birle\u015ftirdik...\",\"publisher\":{\"@id\":\"https:\\\/\\\/balkis.com.tr\\\/#organization\"},\"potentialAction\":[{\"@type\":\"SearchAction\",\"target\":{\"@type\":\"EntryPoint\",\"urlTemplate\":\"https:\\\/\\\/balkis.com.tr\\\/?s={search_term_string}\"},\"query-input\":{\"@type\":\"PropertyValueSpecification\",\"valueRequired\":true,\"valueName\":\"search_term_string\"}}],\"inLanguage\":\"tr\"},{\"@type\":\"Organization\",\"@id\":\"https:\\\/\\\/balkis.com.tr\\\/#organization\",\"name\":\"Balk\u0131\u015f Karde\u015fler Plastik Do\u011frama ve \u0130n\u015f.San.Tic.Ltd.\u015eti.\",\"url\":\"https:\\\/\\\/balkis.com.tr\\\/\",\"logo\":{\"@type\":\"ImageObject\",\"inLanguage\":\"tr\",\"@id\":\"https:\\\/\\\/balkis.com.tr\\\/#\\\/schema\\\/logo\\\/image\\\/\",\"url\":\"https:\\\/\\\/balkis.com.tr\\\/wp-content\\\/uploads\\\/2017\\\/10\\\/cropped-balkispen-1.png\",\"contentUrl\":\"https:\\\/\\\/balkis.com.tr\\\/wp-content\\\/uploads\\\/2017\\\/10\\\/cropped-balkispen-1.png\",\"width\":1657,\"height\":480,\"caption\":\"Balk\u0131\u015f Karde\u015fler Plastik Do\u011frama ve \u0130n\u015f.San.Tic.Ltd.\u015eti.\"},\"image\":{\"@id\":\"https:\\\/\\\/balkis.com.tr\\\/#\\\/schema\\\/logo\\\/image\\\/\"},\"sameAs\":[\"https:\\\/\\\/www.facebook.com\\\/balkispen\",\"https:\\\/\\\/x.com\\\/balkispen\",\"https:\\\/\\\/www.instagram.com\\\/balkispen_winsa_albertgenau\\\/\"]}]}<\/script>\n<!-- \/ Yoast SEO plugin. -->","yoast_head_json":{"title":"Kampanyalar - Albert Genau","description":"Albert Genau Sistemleri ve Winsa Pencere Sistemleri ii\u00e7in hemen aray\u0131n ve sizde kaliteli \u00fcr\u00fcn ve kusursuz hizmetlerden yararlan\u0131n...","robots":{"index":"index","follow":"follow","max-snippet":"max-snippet:-1","max-image-preview":"max-image-preview:large","max-video-preview":"max-video-preview:-1"},"canonical":"https:\/\/balkis.com.tr\/?page_id=144","og_locale":"tr_TR","og_type":"article","og_title":"Kampanyalar - Albert Genau","og_description":"Albert Genau Sistemleri ve Winsa Pencere Sistemleri ii\u00e7in hemen aray\u0131n ve sizde kaliteli \u00fcr\u00fcn ve kusursuz hizmetlerden yararlan\u0131n...","og_url":"https:\/\/balkis.com.tr\/?page_id=144","og_site_name":"Albert Genau","article_publisher":"https:\/\/www.facebook.com\/balkispen","article_modified_time":"2026-04-04T22:30:41+00:00","og_image":[{"width":448,"height":119,"url":"https:\/\/balkis.com.tr\/wp-content\/uploads\/2018\/01\/albert-genau-logo.jpg","type":"image\/jpeg"}],"twitter_card":"summary_large_image","twitter_site":"@balkispen","twitter_misc":{"Tahmini okuma s\u00fcresi":"2 dakika"},"schema":{"@context":"https:\/\/schema.org","@graph":[{"@type":"WebPage","@id":"https:\/\/balkis.com.tr\/?page_id=144","url":"https:\/\/balkis.com.tr\/?page_id=144","name":"Kampanyalar - Albert Genau","isPartOf":{"@id":"https:\/\/balkis.com.tr\/#website"},"primaryImageOfPage":{"@id":"https:\/\/balkis.com.tr\/?page_id=144#primaryimage"},"image":{"@id":"https:\/\/balkis.com.tr\/?page_id=144#primaryimage"},"thumbnailUrl":"https:\/\/balkis.com.tr\/wp-content\/uploads\/2018\/01\/albert-genau-logo-300x80.jpg","datePublished":"2018-01-29T09:28:21+00:00","dateModified":"2026-04-04T22:30:41+00:00","description":"Albert Genau Sistemleri ve Winsa Pencere Sistemleri ii\u00e7in hemen aray\u0131n ve sizde kaliteli \u00fcr\u00fcn ve kusursuz hizmetlerden yararlan\u0131n...","breadcrumb":{"@id":"https:\/\/balkis.com.tr\/?page_id=144#breadcrumb"},"inLanguage":"tr","potentialAction":[{"@type":"ReadAction","target":["https:\/\/balkis.com.tr\/?page_id=144"]}]},{"@type":"ImageObject","inLanguage":"tr","@id":"https:\/\/balkis.com.tr\/?page_id=144#primaryimage","url":"https:\/\/balkis.com.tr\/wp-content\/uploads\/2018\/01\/albert-genau-logo.jpg","contentUrl":"https:\/\/balkis.com.tr\/wp-content\/uploads\/2018\/01\/albert-genau-logo.jpg","width":448,"height":119},{"@type":"BreadcrumbList","@id":"https:\/\/balkis.com.tr\/?page_id=144#breadcrumb","itemListElement":[{"@type":"ListItem","position":1,"name":"Ana sayfa","item":"https:\/\/balkis.com.tr\/"},{"@type":"ListItem","position":2,"name":"Kampanyalar"}]},{"@type":"WebSite","@id":"https:\/\/balkis.com.tr\/#website","url":"https:\/\/balkis.com.tr\/","name":"Albert Genau","description":"Kaliteyi deneyimimizle birle\u015ftirdik...","publisher":{"@id":"https:\/\/balkis.com.tr\/#organization"},"potentialAction":[{"@type":"SearchAction","target":{"@type":"EntryPoint","urlTemplate":"https:\/\/balkis.com.tr\/?s={search_term_string}"},"query-input":{"@type":"PropertyValueSpecification","valueRequired":true,"valueName":"search_term_string"}}],"inLanguage":"tr"},{"@type":"Organization","@id":"https:\/\/balkis.com.tr\/#organization","name":"Balk\u0131\u015f Karde\u015fler Plastik Do\u011frama ve \u0130n\u015f.San.Tic.Ltd.\u015eti.","url":"https:\/\/balkis.com.tr\/","logo":{"@type":"ImageObject","inLanguage":"tr","@id":"https:\/\/balkis.com.tr\/#\/schema\/logo\/image\/","url":"https:\/\/balkis.com.tr\/wp-content\/uploads\/2017\/10\/cropped-balkispen-1.png","contentUrl":"https:\/\/balkis.com.tr\/wp-content\/uploads\/2017\/10\/cropped-balkispen-1.png","width":1657,"height":480,"caption":"Balk\u0131\u015f Karde\u015fler Plastik Do\u011frama ve \u0130n\u015f.San.Tic.Ltd.\u015eti."},"image":{"@id":"https:\/\/balkis.com.tr\/#\/schema\/logo\/image\/"},"sameAs":["https:\/\/www.facebook.com\/balkispen","https:\/\/x.com\/balkispen","https:\/\/www.instagram.com\/balkispen_winsa_albertgenau\/"]}]}},"_links":{"self":[{"href":"https:\/\/balkis.com.tr\/index.php?rest_route=\/wp\/v2\/pages\/144","targetHints":{"allow":["GET"]}}],"collection":[{"href":"https:\/\/balkis.com.tr\/index.php?rest_route=\/wp\/v2\/pages"}],"about":[{"href":"https:\/\/balkis.com.tr\/index.php?rest_route=\/wp\/v2\/types\/page"}],"author":[{"embeddable":true,"href":"https:\/\/balkis.com.tr\/index.php?rest_route=\/wp\/v2\/users\/1"}],"replies":[{"embeddable":true,"href":"https:\/\/balkis.com.tr\/index.php?rest_route=%2Fwp%2Fv2%2Fcomments&post=144"}],"version-history":[{"count":46,"href":"https:\/\/balkis.com.tr\/index.php?rest_route=\/wp\/v2\/pages\/144\/revisions"}],"predecessor-version":[{"id":621,"href":"https:\/\/balkis.com.tr\/index.php?rest_route=\/wp\/v2\/pages\/144\/revisions\/621"}],"wp:attachment":[{"href":"https:\/\/balkis.com.tr\/index.php?rest_route=%2Fwp%2Fv2%2Fmedia&parent=144"}],"curies":[{"name":"wp","href":"https:\/\/api.w.org\/{rel}","templated":true}]}}